{"id":647,"date":"2021-03-29T02:13:52","date_gmt":"2021-03-29T02:13:52","guid":{"rendered":"http:\/\/localhost\/nuss\/?page_id=647"},"modified":"2025-10-03T06:36:42","modified_gmt":"2025-10-03T06:36:42","slug":"servizi","status":"publish","type":"page","link":"https:\/\/shanghaiviennainternationalhotel.com\/it\/servizi\/","title":{"rendered":"Servizi"},"content":{"rendered":"<div data-elementor-type=\"wp-page\" data-elementor-id=\"647\" class=\"elementor elementor-647\">\n\t\t\t\t\t\t<section class=\"elementor-section elementor-top-section elementor-element elementor-element-3353bc8 elementor-section-boxed elementor-section-gap-beside-yes elementor-section-height-default elementor-section-height-default elementor-section-column-vertical-align-stretch\" data-id=\"3353bc8\" data-element_type=\"section\" data-e-type=\"section\">\n\t\t\t\t\t\t<div class=\"elementor-container elementor-column-gap-extended\">\n\t\t\t\t\t<div class=\"elementor-column elementor-col-100 elementor-top-column elementor-element elementor-element-0a2bc64\" data-id=\"0a2bc64\" data-element_type=\"column\" data-e-type=\"column\">\n\t\t\t<div class=\"elementor-widget-wrap elementor-element-populated\">\n\t\t\t\t\t\t<div class=\"elementor-element elementor-element-447e3ef elementor-widget__width-initial elementor-invisible elementor-widget elementor-widget-text-editor\" data-id=\"447e3ef\" data-element_type=\"widget\" data-e-type=\"widget\" data-settings=\"{&quot;_animation&quot;:&quot;nussFadeInUp&quot;}\" data-widget_type=\"text-editor.default\">\n\t\t\t\t\t\t\t\t\t<div class=\"svelte-1c06zsf\" data-lang-code=\"\"><p><strong data-spm-anchor-id=\"a2ty_o01.29997173.0.i68.19eec9217t1U2V\">Servizio eccezionale, offerto con cura: l&#039;esperienza degli ospiti al Vienna International Hotel (zona franca dell&#039;aeroporto di Shanghai Pudong)<\/strong><\/p><\/div>\t\t\t\t\t\t\t\t<\/div>\n\t\t\t\t\t<\/div>\n\t\t<\/div>\n\t\t\t\t\t<\/div>\n\t\t<\/section>\n\t\t<div class=\"elementor-element elementor-element-e15b1c0 e-flex e-con-boxed e-con e-parent\" data-id=\"e15b1c0\" data-element_type=\"container\" data-e-type=\"container\">\n\t\t\t\t\t<div class=\"e-con-inner\">\n\t\t\t\t<div class=\"elementor-element elementor-element-3772a3e elementor-widget elementor-widget-nuss-image-gallery\" data-id=\"3772a3e\" data-element_type=\"widget\" data-e-type=\"widget\" data-widget_type=\"nuss-image-gallery.default\">\n\t\t\t\t<div class=\"elementor-widget-container\">\n\t\t\t\t\t\t\t<div class=\"nuss-grid-wrapper\" data-grid=\"{&quot;type&quot;:&quot;grid&quot;,&quot;ratio&quot;:null,&quot;columns&quot;:3,&quot;gutter&quot;:30}\">\r\n\t\t\t<div class=\"nuss-grid lazy-grid\">\r\n\t\t\t\t<div class=\"grid-sizer\"><\/div>\r\n\r\n\t\t\t\t\t\t\t\t\t\t\t\t<div class=\"grid-item\">\r\n\t\t\t\t\t\t<div class=\"nuss-box\">\t\t<div class=\"nuss-image image\">\r\n\t\t\t<img decoding=\"async\"  src=\"https:\/\/shanghaiviennainternationalhotel.com\/wp-content\/uploads\/2025\/10\/Vienna-International-Hotel-67.webp\" alt=\"Hotel Internazionale di Vienna (67)\" \/>\t\t<\/div>\r\n\t\t\t\t<\/div>\t\t\t\t\t<\/div>\r\n\t\t\t\t\t\t<div class=\"grid-item\">\r\n\t\t\t\t\t\t<div class=\"nuss-box\">\t\t<div class=\"nuss-image image\">\r\n\t\t\t<img decoding=\"async\"  src=\"https:\/\/shanghaiviennainternationalhotel.com\/wp-content\/uploads\/2025\/10\/Vienna-International-Hotel-69.webp\" alt=\"Hotel Internazionale di Vienna (69)\" \/>\t\t<\/div>\r\n\t\t\t\t<\/div>\t\t\t\t\t<\/div>\r\n\t\t\t\t\t\t<div class=\"grid-item\">\r\n\t\t\t\t\t\t<div class=\"nuss-box\">\t\t<div class=\"nuss-image image\">\r\n\t\t\t<img decoding=\"async\"  src=\"https:\/\/shanghaiviennainternationalhotel.com\/wp-content\/uploads\/2025\/10\/Vienna-International-Hotel-68.webp\" alt=\"Hotel Internazionale di Vienna (68)\" \/>\t\t<\/div>\r\n\t\t\t\t<\/div>\t\t\t\t\t<\/div>\r\n\t\t\t\t\t\t<div class=\"grid-item\">\r\n\t\t\t\t\t\t<div class=\"nuss-box\">\t\t<div class=\"nuss-image image\">\r\n\t\t\t<img decoding=\"async\"  src=\"https:\/\/shanghaiviennainternationalhotel.com\/wp-content\/uploads\/2025\/10\/Vienna-International-Hotel-70.webp\" alt=\"Hotel Internazionale di Vienna (70)\" \/>\t\t<\/div>\r\n\t\t\t\t<\/div>\t\t\t\t\t<\/div>\r\n\t\t\t\t\t\t<div class=\"grid-item\">\r\n\t\t\t\t\t\t<div class=\"nuss-box\">\t\t<div class=\"nuss-image image\">\r\n\t\t\t<img decoding=\"async\"  src=\"https:\/\/shanghaiviennainternationalhotel.com\/wp-content\/uploads\/2025\/10\/Vienna-International-Hotel-77.webp\" alt=\"Hotel Internazionale di Vienna (77)\" \/>\t\t<\/div>\r\n\t\t\t\t<\/div>\t\t\t\t\t<\/div>\r\n\t\t\t\t\t\t<div class=\"grid-item\">\r\n\t\t\t\t\t\t<div class=\"nuss-box\">\t\t<div class=\"nuss-image image\">\r\n\t\t\t<img decoding=\"async\"  src=\"https:\/\/shanghaiviennainternationalhotel.com\/wp-content\/uploads\/2025\/10\/Vienna-International-Hotel-63.webp\" alt=\"Hotel Internazionale di Vienna (63)\" \/>\t\t<\/div>\r\n\t\t\t\t<\/div>\t\t\t\t\t<\/div>\r\n\t\t\t\t\t\t<div class=\"grid-item\">\r\n\t\t\t\t\t\t<div class=\"nuss-box\">\t\t<div class=\"nuss-image image\">\r\n\t\t\t<img decoding=\"async\"  src=\"https:\/\/shanghaiviennainternationalhotel.com\/wp-content\/uploads\/2025\/10\/Vienna-International-Hotel-62.webp\" alt=\"Hotel Internazionale di Vienna (62)\" \/>\t\t<\/div>\r\n\t\t\t\t<\/div>\t\t\t\t\t<\/div>\r\n\t\t\t\t\t\t<div class=\"grid-item\">\r\n\t\t\t\t\t\t<div class=\"nuss-box\">\t\t<div class=\"nuss-image image\">\r\n\t\t\t<img decoding=\"async\"  src=\"https:\/\/shanghaiviennainternationalhotel.com\/wp-content\/uploads\/2025\/10\/Vienna-International-Hotel-46.webp\" alt=\"Hotel Internazionale di Vienna (46)\" \/>\t\t<\/div>\r\n\t\t\t\t<\/div>\t\t\t\t\t<\/div>\r\n\t\t\t\t\t\t<div class=\"grid-item\">\r\n\t\t\t\t\t\t<div class=\"nuss-box\">\t\t<div class=\"nuss-image image\">\r\n\t\t\t<img decoding=\"async\"  src=\"https:\/\/shanghaiviennainternationalhotel.com\/wp-content\/uploads\/2025\/10\/Vienna-International-Hotel-44.webp\" alt=\"Hotel Internazionale di Vienna (44)\" \/>\t\t<\/div>\r\n\t\t\t\t<\/div>\t\t\t\t\t<\/div>\r\n\t\t\t\t\t\t<div class=\"grid-item\">\r\n\t\t\t\t\t\t<div class=\"nuss-box\">\t\t<div class=\"nuss-image image\">\r\n\t\t\t<img decoding=\"async\"  src=\"https:\/\/shanghaiviennainternationalhotel.com\/wp-content\/uploads\/2025\/10\/Vienna-International-Hotel-40.webp\" alt=\"Hotel Internazionale di Vienna (40)\" \/>\t\t<\/div>\r\n\t\t\t\t<\/div>\t\t\t\t\t<\/div>\r\n\t\t\t\t\t\t<div class=\"grid-item\">\r\n\t\t\t\t\t\t<div class=\"nuss-box\">\t\t<div class=\"nuss-image image\">\r\n\t\t\t<img decoding=\"async\"  src=\"https:\/\/shanghaiviennainternationalhotel.com\/wp-content\/uploads\/2025\/10\/Vienna-International-Hotel-39.webp\" alt=\"Hotel Internazionale di Vienna (39)\" \/>\t\t<\/div>\r\n\t\t\t\t<\/div>\t\t\t\t\t<\/div>\r\n\t\t\t\t\t\t<div class=\"grid-item\">\r\n\t\t\t\t\t\t<div class=\"nuss-box\">\t\t<div class=\"nuss-image image\">\r\n\t\t\t<img decoding=\"async\"  src=\"https:\/\/shanghaiviennainternationalhotel.com\/wp-content\/uploads\/2025\/10\/Vienna-International-Hotel-29.webp\" alt=\"Hotel Internazionale di Vienna (29)\" \/>\t\t<\/div>\r\n\t\t\t\t<\/div>\t\t\t\t\t<\/div>\r\n\t\t\t\t\t\t<div class=\"grid-item\">\r\n\t\t\t\t\t\t<div class=\"nuss-box\">\t\t<div class=\"nuss-image image\">\r\n\t\t\t<img decoding=\"async\"  src=\"https:\/\/shanghaiviennainternationalhotel.com\/wp-content\/uploads\/2025\/10\/Vienna-International-Hotel-26.webp\" alt=\"Hotel Internazionale di Vienna (26)\" \/>\t\t<\/div>\r\n\t\t\t\t<\/div>\t\t\t\t\t<\/div>\r\n\t\t\t\t\t\t<div class=\"grid-item\">\r\n\t\t\t\t\t\t<div class=\"nuss-box\">\t\t<div class=\"nuss-image image\">\r\n\t\t\t<img decoding=\"async\"  src=\"https:\/\/shanghaiviennainternationalhotel.com\/wp-content\/uploads\/2025\/10\/Vienna-International-Hotel-25.webp\" alt=\"Hotel Internazionale di Vienna (25)\" \/>\t\t<\/div>\r\n\t\t\t\t<\/div>\t\t\t\t\t<\/div>\r\n\t\t\t\t\t\t<div class=\"grid-item\">\r\n\t\t\t\t\t\t<div class=\"nuss-box\">\t\t<div class=\"nuss-image image\">\r\n\t\t\t<img decoding=\"async\"  src=\"https:\/\/shanghaiviennainternationalhotel.com\/wp-content\/uploads\/2025\/10\/Vienna-International-Hotel-60.webp\" alt=\"Hotel Internazionale di Vienna (60)\" \/>\t\t<\/div>\r\n\t\t\t\t<\/div>\t\t\t\t\t<\/div>\r\n\t\t\t\t\t\t\t\r\n\t\t\t<\/div>\r\n\t\t<\/div>\r\n\t\t\t\t\t\t<\/div>\n\t\t\t\t<\/div>\n\t\t\t\t\t<\/div>\n\t\t\t\t<\/div>\n\t\t<div class=\"elementor-element elementor-element-76953f7 e-flex e-con-boxed e-con e-parent\" data-id=\"76953f7\" data-element_type=\"container\" data-e-type=\"container\">\n\t\t\t\t\t<div class=\"e-con-inner\">\n\t\t\t\t<div class=\"elementor-element elementor-element-2f32cd6 elementor-widget elementor-widget-text-editor\" data-id=\"2f32cd6\" data-element_type=\"widget\" data-e-type=\"widget\" data-widget_type=\"text-editor.default\">\n\t\t\t\t\t\t\t\t\t<p>A <strong>Vienna International Hotel (zona franca dell&#039;aeroporto di Shanghai Pudong)<\/strong>, situato a <strong>No. 566 Shiwan 6th Road, Pudong New Area, Shanghai, Cina<\/strong>Crediamo che la vera ospitalit\u00e0 non risieda solo nel luogo in cui soggiornate, ma anche nella capacit\u00e0 di anticipare e soddisfare ogni vostra esigenza. Progettata per il viaggiatore globale moderno, che siate dirigenti aziendali alle prese con la frenetica Zona Franca, ospiti internazionali con un volo mattutino dall&#039;aeroporto di Pudong o viaggiatori solitari in cerca di comfort durante il transito, la nostra gamma completa di servizi \u00e8 pensata per eliminare gli attriti, aumentare la comodit\u00e0 e offrire tranquillit\u00e0 in ogni momento.<\/p><div class=\"my-2\">\u00a0<\/div><p data-spm-anchor-id=\"a2ty_o01.29997173.0.i69.19eec9217t1U2V\">Dal momento in cui consideri il tuo soggiorno al momento della partenza, il nostro <strong>Servizi incentrati sul cliente 24 ore su 24, 7 giorni su 7<\/strong> garantire un&#039;esperienza fluida e senza stress. Una delle nostre offerte pi\u00f9 apprezzate \u00e8 la <strong>servizio navetta aeroportuale gratuito<\/strong> da e per <strong>Aeroporto internazionale di Shanghai Pudong (PVG)<\/strong>Grazie al servizio navetta con orari programmati e flessibilit\u00e0 on-demand, abbinato al coordinamento in tempo reale dalla nostra reception, non dovrete mai pi\u00f9 affrontare l&#039;incertezza di cercare un taxi all&#039;ultimo minuto o di dover aspettare a lungo per prenotare un taxi. Comunicateci semplicemente i dettagli del vostro volo e noi penseremo al resto.<\/p><div class=\"my-2\">\u00a0<\/div><p>All&#039;interno dell&#039;hotel, <strong>supporto 24 ore su 24<\/strong> \u00e8 garantito. Il nostro <strong>Reception e concierge aperti 24 ore su 24<\/strong> sono fluenti in entrambi <strong>Mandarino e inglese<\/strong>, formati per assistervi in ogni aspetto, dalle richieste di stampa urgenti alle prenotazioni di trasporti locali, dai consigli sui ristoranti alle richieste relative ai visti. Avete bisogno di un servizio di lavanderia in giornata? Avete bisogno di una sveglia per una partenza alle 5 del mattino? Il nostro personale risponde con professionalit\u00e0, cordialit\u00e0 ed efficienza, perch\u00e9 sappiamo che in viaggio il tempismo \u00e8 tutto.<\/p><div class=\"my-2\">\u00a0<\/div><p>Per i viaggiatori d&#039;affari, i nostri servizi vanno oltre la camera. L&#039;hotel dispone di un <strong>centro business completamente attrezzato<\/strong> con internet ad alta velocit\u00e0, stampa, scansione e supporto di segreteria. Gratuito <strong>Wi-Fi ultraveloce<\/strong> Copre ogni angolo della struttura, comprese le camere, le sale riunioni e le aree comuni, garantendo una connettivit\u00e0 ininterrotta per riunioni virtuali, trasferimenti di file o lavoro da remoto. Se dovete ospitare un cliente o condurre un briefing di gruppo, il nostro <strong>sale riunioni flessibili<\/strong> sono dotati di apparecchiature audiovisive, capacit\u00e0 di videoconferenza e catering personalizzabile, il tutto supportato da un coordinatore di eventi in loco.<\/p><div class=\"my-2\">\u00a0<\/div><p>Il comfort degli ospiti \u00e8 ulteriormente migliorato da servizi pratici ma pensati: <strong>deposito bagagli gratuito<\/strong> per arrivi anticipati o partenze posticipate, <strong>parcheggio gratuito in loco<\/strong> per chi arriva in auto, e <strong>camere insonorizzate e non fumatori<\/strong> Progettate per un sonno ristoratore anche dopo i viaggi pi\u00f9 lunghi. Ogni camera \u00e8 dotata di postazione di lavoro ergonomica, biancheria da letto di alta qualit\u00e0 e climatizzazione, trasformando il vostro soggiorno in un rifugio personale che favorisce sia la produttivit\u00e0 che il relax.<\/p><div class=\"my-2\">\u00a0<\/div><p>Riconoscendo le diverse esigenze degli ospiti internazionali, offriamo anche <strong>assistenza multilingue<\/strong>, <strong>guida al cambio valuta<\/strong>e un&#039;integrazione perfetta con i servizi locali come <strong>Didi (l&#039;app cinese per il trasporto passeggeri)<\/strong> e supporto per l&#039;accesso alla metropolitana. Sebbene l&#039;hotel sia situato in un quartiere commerciale e commerciale, non in una zona turistica, il nostro team si assicura che non siate mai isolati, aiutandovi a raggiungere facilmente i monumenti culturali, i centri commerciali o i centri finanziari di Shanghai quando necessario.<\/p><div class=\"my-2\">\u00a0<\/div><p>\u00c8 importante che tutti i servizi siano forniti con il <strong>La filosofia distintiva del Vienna Hotel Group<\/strong>: unendo gli standard europei di ordine, eleganza e affidabilit\u00e0 al profondo rispetto per le tradizioni dell&#039;ospitalit\u00e0 cinese. Il risultato \u00e8 una cultura del servizio che trasmette una sensazione di familiarit\u00e0 globale e di sintonia con le esigenze locali: precisa ma personalizzata, efficiente ma empatica.<\/p><div class=\"my-2\">\u00a0<\/div><p>Che tu stia soggiornando per una notte tra un volo e l&#039;altro o che tu stia gestendo un progetto di una settimana a Pudong, i servizi di <strong>Vienna International Hotel (zona franca dell&#039;aeroporto di Shanghai Pudong)<\/strong> sono progettati per rendere il tuo viaggio pi\u00f9 fluido, intelligente e confortevole. Perch\u00e9 in fondo non forniamo solo un posto dove dormire, ma forniamo <strong>un partner di fiducia nella tua esperienza di viaggio<\/strong>.<\/p><div class=\"my-2\">\u00a0<\/div><p data-spm-anchor-id=\"a2ty_o01.29997173.0.i71.19eec9217t1U2V\">Lascia che ci occupiamo dei dettagli, cos\u00ec potrai concentrarti su ci\u00f2 che conta di pi\u00f9.<\/p>\t\t\t\t\t\t\t\t<\/div>\n\t\t\t\t\t<\/div>\n\t\t\t\t<\/div>\n\t\t\t\t<section class=\"elementor-section elementor-top-section elementor-element elementor-element-6d9bcae3 elementor-section-stretched elementor-section-boxed elementor-section-gap-beside-yes elementor-section-height-default elementor-section-height-default elementor-section-column-vertical-align-stretch\" data-id=\"6d9bcae3\" data-element_type=\"section\" data-e-type=\"section\" data-settings=\"{&quot;background_background&quot;:&quot;classic&quot;,&quot;stretch_section&quot;:&quot;section-stretched&quot;}\">\n\t\t\t\t\t\t<div class=\"elementor-container elementor-column-gap-extended\">\n\t\t\t\t\t<div class=\"elementor-column elementor-col-100 elementor-top-column elementor-element elementor-element-3c7a09ae\" data-id=\"3c7a09ae\" data-element_type=\"column\" data-e-type=\"column\">\n\t\t\t<div class=\"elementor-widget-wrap elementor-element-populated\">\n\t\t\t\t\t\t<div class=\"elementor-element elementor-element-42d0e737 elementor-widget elementor-widget-nuss-heading\" data-id=\"42d0e737\" data-element_type=\"widget\" data-e-type=\"widget\" data-widget_type=\"nuss-heading.default\">\n\t\t\t\t<div class=\"elementor-widget-container\">\n\t\t\t\t\t\t\t<div class=\"nuss-modern-heading\">\r\n\t\t\t\t\t\t<div class=\"heading-secondary-wrap\">\r\n\t\t\t\t<h3 class=\"heading-secondary elementor-heading-title\">Controlla disponibile <\/h3>\t\t\t<\/div>\r\n\t\t\r\n\t\t\t\r\n\t\t\t\r\n\t\t\t\t\t<\/div>\r\n\t\t\t\t\t<\/div>\n\t\t\t\t<\/div>\n\t\t\t\t<div class=\"elementor-element elementor-element-3cf7cf04 elementor-widget elementor-widget-text-editor\" data-id=\"3cf7cf04\" data-element_type=\"widget\" data-e-type=\"widget\" data-widget_type=\"text-editor.default\">\n\t\t\t\t\t\t\t\t\t<iframe border=\"0\" src=\"https:\/\/www.trip.com\/partners\/ad\/S5700095?Allianceid=4590391&#038;SID=263747114&#038;trip_sub1=\" style=\"width:1200px;height:180px\" frameborder=\"0\" scrolling=\"no\" id=\"S5700095\"><\/iframe>\t\t\t\t\t\t\t\t<\/div>\n\t\t\t\t\t<\/div>\n\t\t<\/div>\n\t\t\t\t\t<\/div>\n\t\t<\/section>\n\t\t\t\t<\/div>","protected":false},"excerpt":{"rendered":"<p>Exceptional Service, Thoughtfully Delivered: The Guest Experience at Vienna International Hotel (Shanghai Pudong Airport Free Trade Zone) At Vienna International Hotel (Shanghai Pudong Airport Free Trade Zone), located at No. 566 Shiwan 6th Road, Pudong New Area, Shanghai, China, we believe that true hospitality lies not just in where you stay\u2014but in how seamlessly your [&hellip;]<\/p>\n","protected":false},"author":1,"featured_media":0,"parent":0,"menu_order":0,"comment_status":"closed","ping_status":"closed","template":"","meta":{"footnotes":""},"class_list":["post-647","page","type-page","status-publish","hentry","post-no-thumbnail"],"_links":{"self":[{"href":"https:\/\/shanghaiviennainternationalhotel.com\/it\/wp-json\/wp\/v2\/pages\/647","targetHints":{"allow":["GET"]}}],"collection":[{"href":"https:\/\/shanghaiviennainternationalhotel.com\/it\/wp-json\/wp\/v2\/pages"}],"about":[{"href":"https:\/\/shanghaiviennainternationalhotel.com\/it\/wp-json\/wp\/v2\/types\/page"}],"author":[{"embeddable":true,"href":"https:\/\/shanghaiviennainternationalhotel.com\/it\/wp-json\/wp\/v2\/users\/1"}],"replies":[{"embeddable":true,"href":"https:\/\/shanghaiviennainternationalhotel.com\/it\/wp-json\/wp\/v2\/comments?post=647"}],"version-history":[{"count":0,"href":"https:\/\/shanghaiviennainternationalhotel.com\/it\/wp-json\/wp\/v2\/pages\/647\/revisions"}],"wp:attachment":[{"href":"https:\/\/shanghaiviennainternationalhotel.com\/it\/wp-json\/wp\/v2\/media?parent=647"}],"curies":[{"name":"parola chiave","href":"https:\/\/api.w.org\/{rel}","templated":true}]}}