{"id":647,"date":"2021-03-29T02:13:52","date_gmt":"2021-03-29T02:13:52","guid":{"rendered":"http:\/\/localhost\/nuss\/?page_id=647"},"modified":"2025-10-03T06:36:42","modified_gmt":"2025-10-03T06:36:42","slug":"services","status":"publish","type":"page","link":"https:\/\/shanghaiviennainternationalhotel.com\/fr\/services\/","title":{"rendered":"Services"},"content":{"rendered":"<div data-elementor-type=\"wp-page\" data-elementor-id=\"647\" class=\"elementor elementor-647\">\n\t\t\t\t\t\t<section class=\"elementor-section elementor-top-section elementor-element elementor-element-3353bc8 elementor-section-boxed elementor-section-gap-beside-yes elementor-section-height-default elementor-section-height-default elementor-section-column-vertical-align-stretch\" data-id=\"3353bc8\" data-element_type=\"section\" data-e-type=\"section\">\n\t\t\t\t\t\t<div class=\"elementor-container elementor-column-gap-extended\">\n\t\t\t\t\t<div class=\"elementor-column elementor-col-100 elementor-top-column elementor-element elementor-element-0a2bc64\" data-id=\"0a2bc64\" data-element_type=\"column\" data-e-type=\"column\">\n\t\t\t<div class=\"elementor-widget-wrap elementor-element-populated\">\n\t\t\t\t\t\t<div class=\"elementor-element elementor-element-447e3ef elementor-widget__width-initial elementor-invisible elementor-widget elementor-widget-text-editor\" data-id=\"447e3ef\" data-element_type=\"widget\" data-e-type=\"widget\" data-settings=\"{&quot;_animation&quot;:&quot;nussFadeInUp&quot;}\" data-widget_type=\"text-editor.default\">\n\t\t\t\t\t\t\t\t\t<div class=\"svelte-1c06zsf\" data-lang-code=\"\"><p><strong data-spm-anchor-id=\"a2ty_o01.29997173.0.i68.19eec9217t1U2V\">Un service exceptionnel, r\u00e9alis\u00e9 avec soin\u00a0: l&#039;exp\u00e9rience client au Vienna International Hotel (Zone franche de l&#039;a\u00e9roport de Shanghai-Pudong)<\/strong><\/p><\/div>\t\t\t\t\t\t\t\t<\/div>\n\t\t\t\t\t<\/div>\n\t\t<\/div>\n\t\t\t\t\t<\/div>\n\t\t<\/section>\n\t\t<div class=\"elementor-element elementor-element-e15b1c0 e-flex e-con-boxed e-con e-parent\" data-id=\"e15b1c0\" data-element_type=\"container\" data-e-type=\"container\">\n\t\t\t\t\t<div class=\"e-con-inner\">\n\t\t\t\t<div class=\"elementor-element elementor-element-3772a3e elementor-widget elementor-widget-nuss-image-gallery\" data-id=\"3772a3e\" data-element_type=\"widget\" data-e-type=\"widget\" data-widget_type=\"nuss-image-gallery.default\">\n\t\t\t\t<div class=\"elementor-widget-container\">\n\t\t\t\t\t\t\t<div class=\"nuss-grid-wrapper\" data-grid=\"{&quot;type&quot;:&quot;grid&quot;,&quot;ratio&quot;:null,&quot;columns&quot;:3,&quot;gutter&quot;:30}\">\r\n\t\t\t<div class=\"nuss-grid lazy-grid\">\r\n\t\t\t\t<div class=\"grid-sizer\"><\/div>\r\n\r\n\t\t\t\t\t\t\t\t\t\t\t\t<div class=\"grid-item\">\r\n\t\t\t\t\t\t<div class=\"nuss-box\">\t\t<div class=\"nuss-image image\">\r\n\t\t\t<img decoding=\"async\"  src=\"https:\/\/shanghaiviennainternationalhotel.com\/wp-content\/uploads\/2025\/10\/Vienna-International-Hotel-67.webp\" alt=\"H\u00f4tel International de Vienne (67)\" \/>\t\t<\/div>\r\n\t\t\t\t<\/div>\t\t\t\t\t<\/div>\r\n\t\t\t\t\t\t<div class=\"grid-item\">\r\n\t\t\t\t\t\t<div class=\"nuss-box\">\t\t<div class=\"nuss-image image\">\r\n\t\t\t<img decoding=\"async\"  src=\"https:\/\/shanghaiviennainternationalhotel.com\/wp-content\/uploads\/2025\/10\/Vienna-International-Hotel-69.webp\" alt=\"H\u00f4tel International de Vienne (69)\" \/>\t\t<\/div>\r\n\t\t\t\t<\/div>\t\t\t\t\t<\/div>\r\n\t\t\t\t\t\t<div class=\"grid-item\">\r\n\t\t\t\t\t\t<div class=\"nuss-box\">\t\t<div class=\"nuss-image image\">\r\n\t\t\t<img decoding=\"async\"  src=\"https:\/\/shanghaiviennainternationalhotel.com\/wp-content\/uploads\/2025\/10\/Vienna-International-Hotel-68.webp\" alt=\"H\u00f4tel International de Vienne (68)\" \/>\t\t<\/div>\r\n\t\t\t\t<\/div>\t\t\t\t\t<\/div>\r\n\t\t\t\t\t\t<div class=\"grid-item\">\r\n\t\t\t\t\t\t<div class=\"nuss-box\">\t\t<div class=\"nuss-image image\">\r\n\t\t\t<img decoding=\"async\"  src=\"https:\/\/shanghaiviennainternationalhotel.com\/wp-content\/uploads\/2025\/10\/Vienna-International-Hotel-70.webp\" alt=\"H\u00f4tel International de Vienne (70)\" \/>\t\t<\/div>\r\n\t\t\t\t<\/div>\t\t\t\t\t<\/div>\r\n\t\t\t\t\t\t<div class=\"grid-item\">\r\n\t\t\t\t\t\t<div class=\"nuss-box\">\t\t<div class=\"nuss-image image\">\r\n\t\t\t<img decoding=\"async\"  src=\"https:\/\/shanghaiviennainternationalhotel.com\/wp-content\/uploads\/2025\/10\/Vienna-International-Hotel-77.webp\" alt=\"H\u00f4tel International de Vienne (77)\" \/>\t\t<\/div>\r\n\t\t\t\t<\/div>\t\t\t\t\t<\/div>\r\n\t\t\t\t\t\t<div class=\"grid-item\">\r\n\t\t\t\t\t\t<div class=\"nuss-box\">\t\t<div class=\"nuss-image image\">\r\n\t\t\t<img decoding=\"async\"  src=\"https:\/\/shanghaiviennainternationalhotel.com\/wp-content\/uploads\/2025\/10\/Vienna-International-Hotel-63.webp\" alt=\"H\u00f4tel International de Vienne (63)\" \/>\t\t<\/div>\r\n\t\t\t\t<\/div>\t\t\t\t\t<\/div>\r\n\t\t\t\t\t\t<div class=\"grid-item\">\r\n\t\t\t\t\t\t<div class=\"nuss-box\">\t\t<div class=\"nuss-image image\">\r\n\t\t\t<img decoding=\"async\"  src=\"https:\/\/shanghaiviennainternationalhotel.com\/wp-content\/uploads\/2025\/10\/Vienna-International-Hotel-62.webp\" alt=\"H\u00f4tel International de Vienne (62)\" \/>\t\t<\/div>\r\n\t\t\t\t<\/div>\t\t\t\t\t<\/div>\r\n\t\t\t\t\t\t<div class=\"grid-item\">\r\n\t\t\t\t\t\t<div class=\"nuss-box\">\t\t<div class=\"nuss-image image\">\r\n\t\t\t<img decoding=\"async\"  src=\"https:\/\/shanghaiviennainternationalhotel.com\/wp-content\/uploads\/2025\/10\/Vienna-International-Hotel-46.webp\" alt=\"H\u00f4tel International de Vienne (46)\" \/>\t\t<\/div>\r\n\t\t\t\t<\/div>\t\t\t\t\t<\/div>\r\n\t\t\t\t\t\t<div class=\"grid-item\">\r\n\t\t\t\t\t\t<div class=\"nuss-box\">\t\t<div class=\"nuss-image image\">\r\n\t\t\t<img decoding=\"async\"  src=\"https:\/\/shanghaiviennainternationalhotel.com\/wp-content\/uploads\/2025\/10\/Vienna-International-Hotel-44.webp\" alt=\"H\u00f4tel International de Vienne (44)\" \/>\t\t<\/div>\r\n\t\t\t\t<\/div>\t\t\t\t\t<\/div>\r\n\t\t\t\t\t\t<div class=\"grid-item\">\r\n\t\t\t\t\t\t<div class=\"nuss-box\">\t\t<div class=\"nuss-image image\">\r\n\t\t\t<img decoding=\"async\"  src=\"https:\/\/shanghaiviennainternationalhotel.com\/wp-content\/uploads\/2025\/10\/Vienna-International-Hotel-40.webp\" alt=\"H\u00f4tel International de Vienne (40)\" \/>\t\t<\/div>\r\n\t\t\t\t<\/div>\t\t\t\t\t<\/div>\r\n\t\t\t\t\t\t<div class=\"grid-item\">\r\n\t\t\t\t\t\t<div class=\"nuss-box\">\t\t<div class=\"nuss-image image\">\r\n\t\t\t<img decoding=\"async\"  src=\"https:\/\/shanghaiviennainternationalhotel.com\/wp-content\/uploads\/2025\/10\/Vienna-International-Hotel-39.webp\" alt=\"H\u00f4tel International de Vienne (39)\" \/>\t\t<\/div>\r\n\t\t\t\t<\/div>\t\t\t\t\t<\/div>\r\n\t\t\t\t\t\t<div class=\"grid-item\">\r\n\t\t\t\t\t\t<div class=\"nuss-box\">\t\t<div class=\"nuss-image image\">\r\n\t\t\t<img decoding=\"async\"  src=\"https:\/\/shanghaiviennainternationalhotel.com\/wp-content\/uploads\/2025\/10\/Vienna-International-Hotel-29.webp\" alt=\"H\u00f4tel International de Vienne (29)\" \/>\t\t<\/div>\r\n\t\t\t\t<\/div>\t\t\t\t\t<\/div>\r\n\t\t\t\t\t\t<div class=\"grid-item\">\r\n\t\t\t\t\t\t<div class=\"nuss-box\">\t\t<div class=\"nuss-image image\">\r\n\t\t\t<img decoding=\"async\"  src=\"https:\/\/shanghaiviennainternationalhotel.com\/wp-content\/uploads\/2025\/10\/Vienna-International-Hotel-26.webp\" alt=\"H\u00f4tel International de Vienne (26)\" \/>\t\t<\/div>\r\n\t\t\t\t<\/div>\t\t\t\t\t<\/div>\r\n\t\t\t\t\t\t<div class=\"grid-item\">\r\n\t\t\t\t\t\t<div class=\"nuss-box\">\t\t<div class=\"nuss-image image\">\r\n\t\t\t<img decoding=\"async\"  src=\"https:\/\/shanghaiviennainternationalhotel.com\/wp-content\/uploads\/2025\/10\/Vienna-International-Hotel-25.webp\" alt=\"H\u00f4tel International de Vienne (25)\" \/>\t\t<\/div>\r\n\t\t\t\t<\/div>\t\t\t\t\t<\/div>\r\n\t\t\t\t\t\t<div class=\"grid-item\">\r\n\t\t\t\t\t\t<div class=\"nuss-box\">\t\t<div class=\"nuss-image image\">\r\n\t\t\t<img decoding=\"async\"  src=\"https:\/\/shanghaiviennainternationalhotel.com\/wp-content\/uploads\/2025\/10\/Vienna-International-Hotel-60.webp\" alt=\"H\u00f4tel International de Vienne (60)\" \/>\t\t<\/div>\r\n\t\t\t\t<\/div>\t\t\t\t\t<\/div>\r\n\t\t\t\t\t\t\t\r\n\t\t\t<\/div>\r\n\t\t<\/div>\r\n\t\t\t\t\t\t<\/div>\n\t\t\t\t<\/div>\n\t\t\t\t\t<\/div>\n\t\t\t\t<\/div>\n\t\t<div class=\"elementor-element elementor-element-76953f7 e-flex e-con-boxed e-con e-parent\" data-id=\"76953f7\" data-element_type=\"container\" data-e-type=\"container\">\n\t\t\t\t\t<div class=\"e-con-inner\">\n\t\t\t\t<div class=\"elementor-element elementor-element-2f32cd6 elementor-widget elementor-widget-text-editor\" data-id=\"2f32cd6\" data-element_type=\"widget\" data-e-type=\"widget\" data-widget_type=\"text-editor.default\">\n\t\t\t\t\t\t\t\t\t<p>\u00c0 <strong>H\u00f4tel international de Vienne (zone franche de l&#039;a\u00e9roport de Shanghai-Pudong)<\/strong>, situ\u00e9 \u00e0 <strong>N\u00b0 566 Shiwan 6th Road, Pudong New Area, Shanghai, Chine<\/strong>Nous sommes convaincus que la v\u00e9ritable hospitalit\u00e9 ne r\u00e9side pas seulement dans le lieu de s\u00e9jour, mais aussi dans la mani\u00e8re dont chacun de vos besoins est anticip\u00e9 et satisfait. Con\u00e7ue pour le voyageur international moderne, que vous soyez un cadre d&#039;affaires naviguant dans la zone franche dynamique, un client international prenant un vol matinal depuis l&#039;a\u00e9roport de Pudong ou un voyageur solo en qu\u00eate de confort pendant son transit, notre gamme compl\u00e8te de services est con\u00e7ue pour \u00e9liminer les frictions, optimiser le confort et vous offrir une tranquillit\u00e9 d&#039;esprit \u00e0 chaque instant.<\/p><div class=\"my-2\">\u00a0<\/div><p data-spm-anchor-id=\"a2ty_o01.29997173.0.i69.19eec9217t1U2V\">Du moment o\u00f9 vous envisagez votre s\u00e9jour jusqu&#039;au moment de votre d\u00e9part, notre <strong>Services centr\u00e9s sur le client 24h\/24 et 7j\/7<\/strong> vous garantissent une exp\u00e9rience fluide et sans stress. L&#039;une de nos offres les plus appr\u00e9ci\u00e9es est <strong>service de navette a\u00e9roport gratuit<\/strong> vers et depuis <strong>A\u00e9roport international de Shanghai-Pudong (PVG)<\/strong>Fonctionnant selon des horaires flexibles \u00e0 la demande, cette navette, associ\u00e9e \u00e0 une coordination en temps r\u00e9el depuis notre r\u00e9ception, vous \u00e9vite les incertitudes li\u00e9es aux recherches de taxi de derni\u00e8re minute ou aux retards de VTC. Il vous suffit de nous communiquer les d\u00e9tails de votre vol et nous nous occupons du reste.<\/p><div class=\"my-2\">\u00a0<\/div><p>\u00c0 l&#039;int\u00e9rieur de l&#039;h\u00f4tel, <strong>assistance 24 heures sur 24<\/strong> est garanti. Notre <strong>R\u00e9ception et \u00e9quipe de conciergerie 24h\/24<\/strong> parlent couramment les deux langues <strong>Mandarin et anglais<\/strong>Nous sommes form\u00e9s pour r\u00e9pondre \u00e0 tous vos besoins, des demandes d&#039;impression urgentes aux r\u00e9servations de transports locaux, en passant par les recommandations de restaurants et les demandes de visas. Besoin d&#039;un service de blanchisserie le jour m\u00eame\u00a0? Besoin d&#039;un r\u00e9veil pour un d\u00e9part \u00e0 5\u00a0h\u00a0? Notre \u00e9quipe r\u00e9pond avec professionnalisme, chaleur et efficacit\u00e9, car nous savons qu&#039;en voyage, le timing est primordial.<\/p><div class=\"my-2\">\u00a0<\/div><p>Pour les voyageurs d&#039;affaires, nos services s&#039;\u00e9tendent au-del\u00e0 de la chambre. L&#039;h\u00f4tel dispose d&#039;un <strong>centre d&#039;affaires enti\u00e8rement \u00e9quip\u00e9<\/strong> avec internet haut d\u00e9bit, impression, num\u00e9risation et secr\u00e9tariat. Gratuit <strong>Wi-Fi ultra-rapide<\/strong> couvre tous les recoins de la propri\u00e9t\u00e9, y compris les chambres, les espaces de r\u00e9union et les espaces publics, garantissant une connectivit\u00e9 ininterrompue pour les r\u00e9unions virtuelles, les transferts de fichiers ou le t\u00e9l\u00e9travail. Que vous ayez besoin d&#039;accueillir un client ou d&#039;organiser un briefing d&#039;\u00e9quipe, notre <strong>salles de r\u00e9union flexibles<\/strong> sont livr\u00e9s avec un \u00e9quipement audiovisuel, des capacit\u00e9s de vid\u00e9oconf\u00e9rence et une restauration personnalisable, le tout pris en charge par un coordinateur d&#039;\u00e9v\u00e9nements sur place.<\/p><div class=\"my-2\">\u00a0<\/div><p>Le confort des clients est encore am\u00e9lior\u00e9 par des \u00e9quipements pratiques mais bien pens\u00e9s : <strong>consigne \u00e0 bagages gratuite<\/strong> pour les arriv\u00e9es anticip\u00e9es ou les d\u00e9parts tardifs, <strong>parking gratuit sur place<\/strong> pour ceux qui arrivent en voiture, et <strong>chambres insonoris\u00e9es et non-fumeurs<\/strong> Con\u00e7ues pour un sommeil r\u00e9parateur, m\u00eame apr\u00e8s les plus longs voyages, chaque chambre comprend un poste de travail ergonomique, une literie haut de gamme et la climatisation, transformant votre s\u00e9jour en un v\u00e9ritable havre de paix, propice \u00e0 la productivit\u00e9 et \u00e0 la d\u00e9tente.<\/p><div class=\"my-2\">\u00a0<\/div><p>Reconnaissant les besoins divers des clients internationaux, nous proposons \u00e9galement <strong>assistance multilingue<\/strong>, <strong>conseils sur le change de devises<\/strong>, et une int\u00e9gration transparente avec les services locaux tels que <strong>Didi (l&#039;application chinoise de covoiturage)<\/strong> et acc\u00e8s au m\u00e9tro. Bien que l&#039;h\u00f4tel soit situ\u00e9 dans un quartier d&#039;affaires professionnel (et non une zone touristique), notre \u00e9quipe veille \u00e0 ce que vous ne soyez jamais isol\u00e9 et vous aide \u00e0 rejoindre facilement les sites culturels, les centres commerciaux et les p\u00f4les financiers de Shanghai en cas de besoin.<\/p><div class=\"my-2\">\u00a0<\/div><p>Il est important de noter que tous les services sont fournis avec le <strong>La philosophie de signature du Vienna Hotel Group<\/strong>: alliant les standards europ\u00e9ens d&#039;ordre, d&#039;\u00e9l\u00e9gance et de fiabilit\u00e9 \u00e0 un profond respect des traditions d&#039;hospitalit\u00e9 chinoises. Il en r\u00e9sulte une culture du service \u00e0 la fois famili\u00e8re et ancr\u00e9e dans le local\u00a0: pr\u00e9cise et chaleureuse, efficace et empathique.<\/p><div class=\"my-2\">\u00a0<\/div><p>Que vous restiez une nuit entre deux vols ou que vous g\u00e9riez un projet d&#039;une semaine \u00e0 Pudong, les services de <strong>H\u00f4tel international de Vienne (zone franche de l&#039;a\u00e9roport de Shanghai-Pudong)<\/strong> sont con\u00e7us pour rendre votre voyage plus fluide, plus intelligent et plus confortable. Car, \u00e0 la base, nous ne nous contentons pas de vous offrir un endroit o\u00f9 dormir, nous vous offrons <strong>un partenaire de confiance dans votre exp\u00e9rience de voyage<\/strong>.<\/p><div class=\"my-2\">\u00a0<\/div><p data-spm-anchor-id=\"a2ty_o01.29997173.0.i71.19eec9217t1U2V\">Laissez-nous prendre soin des d\u00e9tails, afin que vous puissiez vous concentrer sur ce qui compte le plus.<\/p>\t\t\t\t\t\t\t\t<\/div>\n\t\t\t\t\t<\/div>\n\t\t\t\t<\/div>\n\t\t\t\t<section class=\"elementor-section elementor-top-section elementor-element elementor-element-6d9bcae3 elementor-section-stretched elementor-section-boxed elementor-section-gap-beside-yes elementor-section-height-default elementor-section-height-default elementor-section-column-vertical-align-stretch\" data-id=\"6d9bcae3\" data-element_type=\"section\" data-e-type=\"section\" data-settings=\"{&quot;background_background&quot;:&quot;classic&quot;,&quot;stretch_section&quot;:&quot;section-stretched&quot;}\">\n\t\t\t\t\t\t<div class=\"elementor-container elementor-column-gap-extended\">\n\t\t\t\t\t<div class=\"elementor-column elementor-col-100 elementor-top-column elementor-element elementor-element-3c7a09ae\" data-id=\"3c7a09ae\" data-element_type=\"column\" data-e-type=\"column\">\n\t\t\t<div class=\"elementor-widget-wrap elementor-element-populated\">\n\t\t\t\t\t\t<div class=\"elementor-element elementor-element-42d0e737 elementor-widget elementor-widget-nuss-heading\" data-id=\"42d0e737\" data-element_type=\"widget\" data-e-type=\"widget\" data-widget_type=\"nuss-heading.default\">\n\t\t\t\t<div class=\"elementor-widget-container\">\n\t\t\t\t\t\t\t<div class=\"nuss-modern-heading\">\r\n\t\t\t\t\t\t<div class=\"heading-secondary-wrap\">\r\n\t\t\t\t<h3 class=\"heading-secondary elementor-heading-title\">Ch\u00e8que disponible <\/h3>\t\t\t<\/div>\r\n\t\t\r\n\t\t\t\r\n\t\t\t\r\n\t\t\t\t\t<\/div>\r\n\t\t\t\t\t<\/div>\n\t\t\t\t<\/div>\n\t\t\t\t<div class=\"elementor-element elementor-element-3cf7cf04 elementor-widget elementor-widget-text-editor\" data-id=\"3cf7cf04\" data-element_type=\"widget\" data-e-type=\"widget\" data-widget_type=\"text-editor.default\">\n\t\t\t\t\t\t\t\t\t<iframe border=\"0\" src=\"https:\/\/www.trip.com\/partners\/ad\/S5700095?Allianceid=4590391&#038;SID=263747114&#038;trip_sub1=\" style=\"width:1200px;height:180px\" frameborder=\"0\" scrolling=\"no\" id=\"S5700095\"><\/iframe>\t\t\t\t\t\t\t\t<\/div>\n\t\t\t\t\t<\/div>\n\t\t<\/div>\n\t\t\t\t\t<\/div>\n\t\t<\/section>\n\t\t\t\t<\/div>","protected":false},"excerpt":{"rendered":"<p>Exceptional Service, Thoughtfully Delivered: The Guest Experience at Vienna International Hotel (Shanghai Pudong Airport Free Trade Zone) At Vienna International Hotel (Shanghai Pudong Airport Free Trade Zone), located at No. 566 Shiwan 6th Road, Pudong New Area, Shanghai, China, we believe that true hospitality lies not just in where you stay\u2014but in how seamlessly your [&hellip;]<\/p>\n","protected":false},"author":1,"featured_media":0,"parent":0,"menu_order":0,"comment_status":"closed","ping_status":"closed","template":"","meta":{"footnotes":""},"class_list":["post-647","page","type-page","status-publish","hentry","post-no-thumbnail"],"_links":{"self":[{"href":"https:\/\/shanghaiviennainternationalhotel.com\/fr\/wp-json\/wp\/v2\/pages\/647","targetHints":{"allow":["GET"]}}],"collection":[{"href":"https:\/\/shanghaiviennainternationalhotel.com\/fr\/wp-json\/wp\/v2\/pages"}],"about":[{"href":"https:\/\/shanghaiviennainternationalhotel.com\/fr\/wp-json\/wp\/v2\/types\/page"}],"author":[{"embeddable":true,"href":"https:\/\/shanghaiviennainternationalhotel.com\/fr\/wp-json\/wp\/v2\/users\/1"}],"replies":[{"embeddable":true,"href":"https:\/\/shanghaiviennainternationalhotel.com\/fr\/wp-json\/wp\/v2\/comments?post=647"}],"version-history":[{"count":0,"href":"https:\/\/shanghaiviennainternationalhotel.com\/fr\/wp-json\/wp\/v2\/pages\/647\/revisions"}],"wp:attachment":[{"href":"https:\/\/shanghaiviennainternationalhotel.com\/fr\/wp-json\/wp\/v2\/media?parent=647"}],"curies":[{"name":"wp","href":"https:\/\/api.w.org\/{rel}","templated":true}]}}