{"id":5266,"date":"2021-07-18T08:03:35","date_gmt":"2021-07-18T08:03:35","guid":{"rendered":"https:\/\/nuss.uxper.co\/luxury-resort\/?page_id=5266"},"modified":"2025-10-03T05:05:28","modified_gmt":"2025-10-03T05:05:28","slug":"a-propos-de-nous","status":"publish","type":"page","link":"https:\/\/shanghaiviennainternationalhotel.com\/fr\/a-propos-de-nous\/","title":{"rendered":"\u00c0 propos de nous"},"content":{"rendered":"<div data-elementor-type=\"wp-page\" data-elementor-id=\"5266\" class=\"elementor elementor-5266\">\n\t\t\t\t\t\t<section class=\"elementor-section elementor-top-section elementor-element elementor-element-10416953 elementor-section-boxed elementor-section-gap-beside-yes elementor-section-height-default elementor-section-height-default elementor-section-column-vertical-align-stretch\" data-id=\"10416953\" data-element_type=\"section\" data-e-type=\"section\">\n\t\t\t\t\t\t<div class=\"elementor-container elementor-column-gap-extended\">\n\t\t\t\t\t<div class=\"elementor-column elementor-col-100 elementor-top-column elementor-element elementor-element-29c6aa8\" data-id=\"29c6aa8\" data-element_type=\"column\" data-e-type=\"column\">\n\t\t\t<div class=\"elementor-widget-wrap elementor-element-populated\">\n\t\t\t\t\t\t<div class=\"elementor-element elementor-element-7be18fe7 elementor-widget__width-initial elementor-invisible elementor-widget elementor-widget-text-editor\" data-id=\"7be18fe7\" data-element_type=\"widget\" data-e-type=\"widget\" data-settings=\"{&quot;_animation&quot;:&quot;nussFadeInUp&quot;}\" data-widget_type=\"text-editor.default\">\n\t\t\t\t\t\t\t\t\t<div class=\"svelte-1c06zsf\" data-lang-code=\"\"><div class=\"svelte-1c06zsf\" data-lang-code=\"\"><p data-spm-anchor-id=\"a2ty_o01.29997173.0.i25.19eec9217t1U2V\">Votre passerelle vers le confort pr\u00e8s de l&#039;a\u00e9roport de Shanghai Pudong<\/p><\/div><\/div>\t\t\t\t\t\t\t\t<\/div>\n\t\t\t\t\t<\/div>\n\t\t<\/div>\n\t\t\t\t\t<\/div>\n\t\t<\/section>\n\t\t\t\t<section class=\"elementor-section elementor-top-section elementor-element elementor-element-7d18327f elementor-section-boxed elementor-section-gap-beside-yes elementor-section-height-default elementor-section-height-default elementor-section-column-vertical-align-stretch\" data-id=\"7d18327f\" data-element_type=\"section\" data-e-type=\"section\">\n\t\t\t\t\t\t<div class=\"elementor-container elementor-column-gap-extended\">\n\t\t\t\t\t<div class=\"elementor-column elementor-col-50 elementor-top-column elementor-element elementor-element-56533670\" data-id=\"56533670\" data-element_type=\"column\" data-e-type=\"column\">\n\t\t\t<div class=\"elementor-widget-wrap elementor-element-populated\">\n\t\t\t\t\t\t<div class=\"elementor-element elementor-element-19c3f543 elementor-drop-cap-yes elementor-drop-cap-view-default elementor-invisible elementor-widget elementor-widget-text-editor\" data-id=\"19c3f543\" data-element_type=\"widget\" data-e-type=\"widget\" data-settings=\"{&quot;_animation&quot;:&quot;nussFadeInUp&quot;,&quot;drop_cap&quot;:&quot;yes&quot;}\" data-widget_type=\"text-editor.default\">\n\t\t\t\t\t\t\t\t\t<p data-spm-anchor-id=\"a2ty_o01.29997173.0.i26.19eec9217t1U2V\">D\u00e9couvrez un confort sans faille et une commodit\u00e9 strat\u00e9gique chez <strong>H\u00f4tel international de Vienne (zone franche de l&#039;a\u00e9roport de Shanghai-Pudong)<\/strong>\u2014 votre oasis urbaine id\u00e9ale \u00e0 quelques minutes de l&#039;a\u00e9roport international de Shanghai-Pudong (PVG) et au c\u0153ur de l&#039;un des p\u00f4les \u00e9conomiques les plus dynamiques de Chine. Nich\u00e9 \u00e0 <strong>N\u00b0 566 Shiwan 6th Road, Pudong New Area, Shanghai<\/strong>, cet h\u00f4tel 4 \u00e9toiles moderne allie l&#039;\u00e9l\u00e9gance d&#039;inspiration europ\u00e9enne \u00e0 des \u00e9quipements pratiques adapt\u00e9s aux voyageurs d&#039;affaires et de loisirs exigeants d&#039;aujourd&#039;hui.<\/p>\t\t\t\t\t\t\t\t<\/div>\n\t\t\t\t\t<\/div>\n\t\t<\/div>\n\t\t\t\t<div class=\"elementor-column elementor-col-50 elementor-top-column elementor-element elementor-element-30f14127\" data-id=\"30f14127\" data-element_type=\"column\" data-e-type=\"column\">\n\t\t\t<div class=\"elementor-widget-wrap elementor-element-populated\">\n\t\t\t\t\t\t<div class=\"elementor-element elementor-element-59aea08 elementor-widget elementor-widget-image\" data-id=\"59aea08\" data-element_type=\"widget\" data-e-type=\"widget\" data-widget_type=\"image.default\">\n\t\t\t\t\t\t\t\t\t\t\t\t\t\t\t<img fetchpriority=\"high\" decoding=\"async\" width=\"1024\" height=\"640\" src=\"https:\/\/shanghaiviennainternationalhotel.com\/wp-content\/uploads\/2025\/10\/Vienna-International-Hotel-5-1024x640.webp\" class=\"attachment-large size-large wp-image-7151\" alt=\"\" srcset=\"https:\/\/shanghaiviennainternationalhotel.com\/wp-content\/uploads\/2025\/10\/Vienna-International-Hotel-5-1024x640.webp 1024w, https:\/\/shanghaiviennainternationalhotel.com\/wp-content\/uploads\/2025\/10\/Vienna-International-Hotel-5-300x188.webp 300w, https:\/\/shanghaiviennainternationalhotel.com\/wp-content\/uploads\/2025\/10\/Vienna-International-Hotel-5-768x480.webp 768w, https:\/\/shanghaiviennainternationalhotel.com\/wp-content\/uploads\/2025\/10\/Vienna-International-Hotel-5-18x12.webp 18w, https:\/\/shanghaiviennainternationalhotel.com\/wp-content\/uploads\/2025\/10\/Vienna-International-Hotel-5.webp 1280w\" sizes=\"(max-width: 1024px) 100vw, 1024px\" \/>\t\t\t\t\t\t\t\t\t\t\t\t\t\t\t<\/div>\n\t\t\t\t\t<\/div>\n\t\t<\/div>\n\t\t\t\t\t<\/div>\n\t\t<\/section>\n\t\t\t\t<section class=\"elementor-section elementor-top-section elementor-element elementor-element-29fb8578 elementor-section-height-min-height elementor-section-stretched elementor-section-full_width elementor-section-items-stretch elementor-section-height-default elementor-section-column-vertical-align-stretch\" data-id=\"29fb8578\" data-element_type=\"section\" data-e-type=\"section\" data-settings=\"{&quot;stretch_section&quot;:&quot;section-stretched&quot;}\">\n\t\t\t\t\t\t<div class=\"elementor-container elementor-column-gap-no\">\n\t\t\t\t\t<div class=\"elementor-column elementor-col-50 elementor-top-column elementor-element elementor-element-40ac270b\" data-id=\"40ac270b\" data-element_type=\"column\" data-e-type=\"column\">\n\t\t\t<div class=\"elementor-widget-wrap elementor-element-populated\">\n\t\t\t\t\t\t<div class=\"elementor-element elementor-element-20872773 elementor-widget__width-initial elementor-widget-mobile__width-inherit elementor-invisible nuss-elementor-loading nuss-slide-in-right elementor-widget elementor-widget-image\" data-id=\"20872773\" data-element_type=\"widget\" data-e-type=\"widget\" data-settings=\"{&quot;_animation&quot;:&quot;nussSlideInRight&quot;}\" data-widget_type=\"image.default\">\n\t\t\t\t\t\t\t\t\t\t\t\t\t\t\t<img decoding=\"async\" width=\"1280\" height=\"853\" src=\"https:\/\/shanghaiviennainternationalhotel.com\/wp-content\/uploads\/2025\/10\/Vienna-International-Hotel-64.webp\" class=\"attachment-full size-full wp-image-7210\" alt=\"\" srcset=\"https:\/\/shanghaiviennainternationalhotel.com\/wp-content\/uploads\/2025\/10\/Vienna-International-Hotel-64.webp 1280w, https:\/\/shanghaiviennainternationalhotel.com\/wp-content\/uploads\/2025\/10\/Vienna-International-Hotel-64-300x200.webp 300w, https:\/\/shanghaiviennainternationalhotel.com\/wp-content\/uploads\/2025\/10\/Vienna-International-Hotel-64-1024x682.webp 1024w, https:\/\/shanghaiviennainternationalhotel.com\/wp-content\/uploads\/2025\/10\/Vienna-International-Hotel-64-768x512.webp 768w, https:\/\/shanghaiviennainternationalhotel.com\/wp-content\/uploads\/2025\/10\/Vienna-International-Hotel-64-18x12.webp 18w\" sizes=\"(max-width: 1280px) 100vw, 1280px\" \/>\t\t\t\t\t\t\t\t\t\t\t\t\t\t\t<\/div>\n\t\t\t\t\t<\/div>\n\t\t<\/div>\n\t\t\t\t<div class=\"elementor-column elementor-col-50 elementor-top-column elementor-element elementor-element-2dac103\" data-id=\"2dac103\" data-element_type=\"column\" data-e-type=\"column\">\n\t\t\t<div class=\"elementor-widget-wrap elementor-element-populated\">\n\t\t\t\t\t\t<div class=\"elementor-element elementor-element-6f1b8966 elementor-invisible elementor-widget elementor-widget-text-editor\" data-id=\"6f1b8966\" data-element_type=\"widget\" data-e-type=\"widget\" data-settings=\"{&quot;_animation&quot;:&quot;nussFadeInUp&quot;}\" data-widget_type=\"text-editor.default\">\n\t\t\t\t\t\t\t\t\t<p data-spm-anchor-id=\"a2ty_o01.29997173.0.i28.19eec9217t1U2V\">Que vous arriviez pour une courte escale, une r\u00e9union d&#039;affaires internationale dans la zone franche de Shanghai ou que vous exploriez la ligne d&#039;horizon futuriste de Pudong, le Vienna International Hotel vous garantit un s\u00e9jour sans stress gr\u00e2ce \u00e0 son <strong>Service de navette a\u00e9roport 24h\/24 et 7j\/7<\/strong>, <strong>chambres insonoris\u00e9es<\/strong>, <strong>Wi-Fi haut d\u00e9bit<\/strong>, et <strong>restaurant sur place<\/strong> Nous proposons une cuisine fusion chinoise et occidentale. Nos chambres soigneusement con\u00e7ues offrent une literie moelleuse, des espaces de travail ergonomiques et une d\u00e9coration contemporaine alliant style et fonctionnalit\u00e9, id\u00e9ales pour se d\u00e9tendre apr\u00e8s un long vol ou se pr\u00e9parer \u00e0 une journ\u00e9e productive.<\/p><div class=\"my-2\">\u00a0<\/div><p>B\u00e9n\u00e9ficiant d&#039;un emplacement strat\u00e9gique \u00e0 proximit\u00e9 des principaux si\u00e8ges sociaux, des centres logistiques et des transports en commun, avec notamment un acc\u00e8s facile \u00e0 la ligne 2 du m\u00e9tro et au p\u00e9riph\u00e9rique de Shanghai, l&#039;h\u00f4tel offre une accessibilit\u00e9 in\u00e9gal\u00e9e sans compromettre la tranquillit\u00e9. Les clients b\u00e9n\u00e9ficient \u00e9galement d&#039;un service de conciergerie professionnel, d&#039;un centre d&#039;affaires bien \u00e9quip\u00e9 et d&#039;une \u00e9quipe multilingue pr\u00eate \u00e0 les aider pour tout, des recommandations de restaurants locaux aux r\u00e9servations de voyage de derni\u00e8re minute.<\/p><div class=\"my-2\">\u00a0<\/div><p>Id\u00e9al pour les voyageurs internationaux \u00e0 la recherche <strong>H\u00e9bergement fiable, confortable et id\u00e9alement situ\u00e9 \u00e0 proximit\u00e9 de l&#039;a\u00e9roport de Shanghai Pudong<\/strong>Le Vienna International Hotel offre un rapport qualit\u00e9-prix exceptionnel, une qualit\u00e9 constante et une exp\u00e9rience d&#039;accueil chaleureuse et efficace, fid\u00e8le \u00e0 sa promesse de marque internationale. R\u00e9servez votre s\u00e9jour et profitez d&#039;un \u00e9quilibre parfait entre efficacit\u00e9, confort et connectivit\u00e9 au c\u0153ur du quartier de l&#039;innovation de Shanghai.<\/p>\t\t\t\t\t\t\t\t<\/div>\n\t\t\t\t\t<\/div>\n\t\t<\/div>\n\t\t\t\t\t<\/div>\n\t\t<\/section>\n\t\t\t\t<section class=\"elementor-section elementor-top-section elementor-element elementor-element-2092b7d0 elementor-section-stretched elementor-section-boxed elementor-section-gap-beside-yes elementor-section-height-default elementor-section-height-default elementor-section-column-vertical-align-stretch\" data-id=\"2092b7d0\" data-element_type=\"section\" data-e-type=\"section\" data-settings=\"{&quot;background_background&quot;:&quot;classic&quot;,&quot;stretch_section&quot;:&quot;section-stretched&quot;}\">\n\t\t\t\t\t\t<div class=\"elementor-container elementor-column-gap-extended\">\n\t\t\t\t\t<div class=\"elementor-column elementor-col-100 elementor-top-column elementor-element elementor-element-be69d75\" data-id=\"be69d75\" data-element_type=\"column\" data-e-type=\"column\">\n\t\t\t<div class=\"elementor-widget-wrap elementor-element-populated\">\n\t\t\t\t\t\t<div class=\"elementor-element elementor-element-320c022 elementor-widget elementor-widget-nuss-heading\" data-id=\"320c022\" data-element_type=\"widget\" data-e-type=\"widget\" data-widget_type=\"nuss-heading.default\">\n\t\t\t\t<div class=\"elementor-widget-container\">\n\t\t\t\t\t\t\t<div class=\"nuss-modern-heading\">\r\n\t\t\t\t\t\t<div class=\"heading-secondary-wrap\">\r\n\t\t\t\t<h3 class=\"heading-secondary elementor-heading-title\">Ch\u00e8que disponible <\/h3>\t\t\t<\/div>\r\n\t\t\r\n\t\t\t\r\n\t\t\t\r\n\t\t\t\t\t<\/div>\r\n\t\t\t\t\t<\/div>\n\t\t\t\t<\/div>\n\t\t\t\t<div class=\"elementor-element elementor-element-fe69a93 elementor-widget elementor-widget-text-editor\" data-id=\"fe69a93\" data-element_type=\"widget\" data-e-type=\"widget\" data-widget_type=\"text-editor.default\">\n\t\t\t\t\t\t\t\t\t<iframe border=\"0\" src=\"https:\/\/www.trip.com\/partners\/ad\/S5700095?Allianceid=4590391&#038;SID=263747114&#038;trip_sub1=\" style=\"width:1200px;height:180px\" frameborder=\"0\" scrolling=\"no\" id=\"S5700095\"><\/iframe>\t\t\t\t\t\t\t\t<\/div>\n\t\t\t\t\t<\/div>\n\t\t<\/div>\n\t\t\t\t\t<\/div>\n\t\t<\/section>\n\t\t\t\t<\/div>","protected":false},"excerpt":{"rendered":"<p>Your Gateway to Comfort Near Shanghai Pudong Airport Discover seamless comfort and strategic convenience at Vienna International Hotel (Shanghai Pudong Airport Free Trade Zone)\u2014your ideal urban oasis just minutes from Shanghai Pudong International Airport (PVG) and at the heart of one of China\u2019s most dynamic economic hubs. Nestled at No. 566 Shiwan 6th Road, Pudong [&hellip;]<\/p>\n","protected":false},"author":1,"featured_media":0,"parent":0,"menu_order":0,"comment_status":"closed","ping_status":"closed","template":"","meta":{"footnotes":""},"class_list":["post-5266","page","type-page","status-publish","hentry","post-no-thumbnail"],"_links":{"self":[{"href":"https:\/\/shanghaiviennainternationalhotel.com\/fr\/wp-json\/wp\/v2\/pages\/5266","targetHints":{"allow":["GET"]}}],"collection":[{"href":"https:\/\/shanghaiviennainternationalhotel.com\/fr\/wp-json\/wp\/v2\/pages"}],"about":[{"href":"https:\/\/shanghaiviennainternationalhotel.com\/fr\/wp-json\/wp\/v2\/types\/page"}],"author":[{"embeddable":true,"href":"https:\/\/shanghaiviennainternationalhotel.com\/fr\/wp-json\/wp\/v2\/users\/1"}],"replies":[{"embeddable":true,"href":"https:\/\/shanghaiviennainternationalhotel.com\/fr\/wp-json\/wp\/v2\/comments?post=5266"}],"version-history":[{"count":0,"href":"https:\/\/shanghaiviennainternationalhotel.com\/fr\/wp-json\/wp\/v2\/pages\/5266\/revisions"}],"wp:attachment":[{"href":"https:\/\/shanghaiviennainternationalhotel.com\/fr\/wp-json\/wp\/v2\/media?parent=5266"}],"curies":[{"name":"wp","href":"https:\/\/api.w.org\/{rel}","templated":true}]}}