{"id":647,"date":"2021-03-29T02:13:52","date_gmt":"2021-03-29T02:13:52","guid":{"rendered":"http:\/\/localhost\/nuss\/?page_id=647"},"modified":"2025-10-03T06:36:42","modified_gmt":"2025-10-03T06:36:42","slug":"servicios","status":"publish","type":"page","link":"https:\/\/shanghaiviennainternationalhotel.com\/es\/servicios\/","title":{"rendered":"Servicios"},"content":{"rendered":"<div data-elementor-type=\"wp-page\" data-elementor-id=\"647\" class=\"elementor elementor-647\">\n\t\t\t\t\t\t<section class=\"elementor-section elementor-top-section elementor-element elementor-element-3353bc8 elementor-section-boxed elementor-section-gap-beside-yes elementor-section-height-default elementor-section-height-default elementor-section-column-vertical-align-stretch\" data-id=\"3353bc8\" data-element_type=\"section\" data-e-type=\"section\">\n\t\t\t\t\t\t<div class=\"elementor-container elementor-column-gap-extended\">\n\t\t\t\t\t<div class=\"elementor-column elementor-col-100 elementor-top-column elementor-element elementor-element-0a2bc64\" data-id=\"0a2bc64\" data-element_type=\"column\" data-e-type=\"column\">\n\t\t\t<div class=\"elementor-widget-wrap elementor-element-populated\">\n\t\t\t\t\t\t<div class=\"elementor-element elementor-element-447e3ef elementor-widget__width-initial elementor-invisible elementor-widget elementor-widget-text-editor\" data-id=\"447e3ef\" data-element_type=\"widget\" data-e-type=\"widget\" data-settings=\"{&quot;_animation&quot;:&quot;nussFadeInUp&quot;}\" data-widget_type=\"text-editor.default\">\n\t\t\t\t\t\t\t\t\t<div class=\"svelte-1c06zsf\" data-lang-code=\"\"><p><strong data-spm-anchor-id=\"a2ty_o01.29997173.0.i68.19eec9217t1U2V\">Servicio excepcional, cuidadosamente brindado: La experiencia del hu\u00e9sped en el Vienna International Hotel (Zona Franca del Aeropuerto de Shangh\u00e1i-Pudong)<\/strong><\/p><\/div>\t\t\t\t\t\t\t\t<\/div>\n\t\t\t\t\t<\/div>\n\t\t<\/div>\n\t\t\t\t\t<\/div>\n\t\t<\/section>\n\t\t<div class=\"elementor-element elementor-element-e15b1c0 e-flex e-con-boxed e-con e-parent\" data-id=\"e15b1c0\" data-element_type=\"container\" data-e-type=\"container\">\n\t\t\t\t\t<div class=\"e-con-inner\">\n\t\t\t\t<div class=\"elementor-element elementor-element-3772a3e elementor-widget elementor-widget-nuss-image-gallery\" data-id=\"3772a3e\" data-element_type=\"widget\" data-e-type=\"widget\" data-widget_type=\"nuss-image-gallery.default\">\n\t\t\t\t<div class=\"elementor-widget-container\">\n\t\t\t\t\t\t\t<div class=\"nuss-grid-wrapper\" data-grid=\"{&quot;type&quot;:&quot;grid&quot;,&quot;ratio&quot;:null,&quot;columns&quot;:3,&quot;gutter&quot;:30}\">\r\n\t\t\t<div class=\"nuss-grid lazy-grid\">\r\n\t\t\t\t<div class=\"grid-sizer\"><\/div>\r\n\r\n\t\t\t\t\t\t\t\t\t\t\t\t<div class=\"grid-item\">\r\n\t\t\t\t\t\t<div class=\"nuss-box\">\t\t<div class=\"nuss-image image\">\r\n\t\t\t<img decoding=\"async\"  src=\"https:\/\/shanghaiviennainternationalhotel.com\/wp-content\/uploads\/2025\/10\/Vienna-International-Hotel-67.webp\" alt=\"Hotel Internacional de Viena (67)\" \/>\t\t<\/div>\r\n\t\t\t\t<\/div>\t\t\t\t\t<\/div>\r\n\t\t\t\t\t\t<div class=\"grid-item\">\r\n\t\t\t\t\t\t<div class=\"nuss-box\">\t\t<div class=\"nuss-image image\">\r\n\t\t\t<img decoding=\"async\"  src=\"https:\/\/shanghaiviennainternationalhotel.com\/wp-content\/uploads\/2025\/10\/Vienna-International-Hotel-69.webp\" alt=\"Hotel Internacional de Viena (69)\" \/>\t\t<\/div>\r\n\t\t\t\t<\/div>\t\t\t\t\t<\/div>\r\n\t\t\t\t\t\t<div class=\"grid-item\">\r\n\t\t\t\t\t\t<div class=\"nuss-box\">\t\t<div class=\"nuss-image image\">\r\n\t\t\t<img decoding=\"async\"  src=\"https:\/\/shanghaiviennainternationalhotel.com\/wp-content\/uploads\/2025\/10\/Vienna-International-Hotel-68.webp\" alt=\"Hotel Internacional de Viena (68)\" \/>\t\t<\/div>\r\n\t\t\t\t<\/div>\t\t\t\t\t<\/div>\r\n\t\t\t\t\t\t<div class=\"grid-item\">\r\n\t\t\t\t\t\t<div class=\"nuss-box\">\t\t<div class=\"nuss-image image\">\r\n\t\t\t<img decoding=\"async\"  src=\"https:\/\/shanghaiviennainternationalhotel.com\/wp-content\/uploads\/2025\/10\/Vienna-International-Hotel-70.webp\" alt=\"Hotel Internacional de Viena (70)\" \/>\t\t<\/div>\r\n\t\t\t\t<\/div>\t\t\t\t\t<\/div>\r\n\t\t\t\t\t\t<div class=\"grid-item\">\r\n\t\t\t\t\t\t<div class=\"nuss-box\">\t\t<div class=\"nuss-image image\">\r\n\t\t\t<img decoding=\"async\"  src=\"https:\/\/shanghaiviennainternationalhotel.com\/wp-content\/uploads\/2025\/10\/Vienna-International-Hotel-77.webp\" alt=\"Hotel Internacional de Viena (77)\" \/>\t\t<\/div>\r\n\t\t\t\t<\/div>\t\t\t\t\t<\/div>\r\n\t\t\t\t\t\t<div class=\"grid-item\">\r\n\t\t\t\t\t\t<div class=\"nuss-box\">\t\t<div class=\"nuss-image image\">\r\n\t\t\t<img decoding=\"async\"  src=\"https:\/\/shanghaiviennainternationalhotel.com\/wp-content\/uploads\/2025\/10\/Vienna-International-Hotel-63.webp\" alt=\"Hotel Internacional de Viena (63)\" \/>\t\t<\/div>\r\n\t\t\t\t<\/div>\t\t\t\t\t<\/div>\r\n\t\t\t\t\t\t<div class=\"grid-item\">\r\n\t\t\t\t\t\t<div class=\"nuss-box\">\t\t<div class=\"nuss-image image\">\r\n\t\t\t<img decoding=\"async\"  src=\"https:\/\/shanghaiviennainternationalhotel.com\/wp-content\/uploads\/2025\/10\/Vienna-International-Hotel-62.webp\" alt=\"Hotel Internacional de Viena (62)\" \/>\t\t<\/div>\r\n\t\t\t\t<\/div>\t\t\t\t\t<\/div>\r\n\t\t\t\t\t\t<div class=\"grid-item\">\r\n\t\t\t\t\t\t<div class=\"nuss-box\">\t\t<div class=\"nuss-image image\">\r\n\t\t\t<img decoding=\"async\"  src=\"https:\/\/shanghaiviennainternationalhotel.com\/wp-content\/uploads\/2025\/10\/Vienna-International-Hotel-46.webp\" alt=\"Hotel Internacional de Viena (46)\" \/>\t\t<\/div>\r\n\t\t\t\t<\/div>\t\t\t\t\t<\/div>\r\n\t\t\t\t\t\t<div class=\"grid-item\">\r\n\t\t\t\t\t\t<div class=\"nuss-box\">\t\t<div class=\"nuss-image image\">\r\n\t\t\t<img decoding=\"async\"  src=\"https:\/\/shanghaiviennainternationalhotel.com\/wp-content\/uploads\/2025\/10\/Vienna-International-Hotel-44.webp\" alt=\"Hotel Internacional de Viena (44)\" \/>\t\t<\/div>\r\n\t\t\t\t<\/div>\t\t\t\t\t<\/div>\r\n\t\t\t\t\t\t<div class=\"grid-item\">\r\n\t\t\t\t\t\t<div class=\"nuss-box\">\t\t<div class=\"nuss-image image\">\r\n\t\t\t<img decoding=\"async\"  src=\"https:\/\/shanghaiviennainternationalhotel.com\/wp-content\/uploads\/2025\/10\/Vienna-International-Hotel-40.webp\" alt=\"Hotel Internacional de Viena (40)\" \/>\t\t<\/div>\r\n\t\t\t\t<\/div>\t\t\t\t\t<\/div>\r\n\t\t\t\t\t\t<div class=\"grid-item\">\r\n\t\t\t\t\t\t<div class=\"nuss-box\">\t\t<div class=\"nuss-image image\">\r\n\t\t\t<img decoding=\"async\"  src=\"https:\/\/shanghaiviennainternationalhotel.com\/wp-content\/uploads\/2025\/10\/Vienna-International-Hotel-39.webp\" alt=\"Hotel Internacional de Viena (39)\" \/>\t\t<\/div>\r\n\t\t\t\t<\/div>\t\t\t\t\t<\/div>\r\n\t\t\t\t\t\t<div class=\"grid-item\">\r\n\t\t\t\t\t\t<div class=\"nuss-box\">\t\t<div class=\"nuss-image image\">\r\n\t\t\t<img decoding=\"async\"  src=\"https:\/\/shanghaiviennainternationalhotel.com\/wp-content\/uploads\/2025\/10\/Vienna-International-Hotel-29.webp\" alt=\"Hotel Internacional de Viena (29)\" \/>\t\t<\/div>\r\n\t\t\t\t<\/div>\t\t\t\t\t<\/div>\r\n\t\t\t\t\t\t<div class=\"grid-item\">\r\n\t\t\t\t\t\t<div class=\"nuss-box\">\t\t<div class=\"nuss-image image\">\r\n\t\t\t<img decoding=\"async\"  src=\"https:\/\/shanghaiviennainternationalhotel.com\/wp-content\/uploads\/2025\/10\/Vienna-International-Hotel-26.webp\" alt=\"Hotel Internacional de Viena (26)\" \/>\t\t<\/div>\r\n\t\t\t\t<\/div>\t\t\t\t\t<\/div>\r\n\t\t\t\t\t\t<div class=\"grid-item\">\r\n\t\t\t\t\t\t<div class=\"nuss-box\">\t\t<div class=\"nuss-image image\">\r\n\t\t\t<img decoding=\"async\"  src=\"https:\/\/shanghaiviennainternationalhotel.com\/wp-content\/uploads\/2025\/10\/Vienna-International-Hotel-25.webp\" alt=\"Hotel Internacional de Viena (25)\" \/>\t\t<\/div>\r\n\t\t\t\t<\/div>\t\t\t\t\t<\/div>\r\n\t\t\t\t\t\t<div class=\"grid-item\">\r\n\t\t\t\t\t\t<div class=\"nuss-box\">\t\t<div class=\"nuss-image image\">\r\n\t\t\t<img decoding=\"async\"  src=\"https:\/\/shanghaiviennainternationalhotel.com\/wp-content\/uploads\/2025\/10\/Vienna-International-Hotel-60.webp\" alt=\"Hotel Internacional de Viena (60)\" \/>\t\t<\/div>\r\n\t\t\t\t<\/div>\t\t\t\t\t<\/div>\r\n\t\t\t\t\t\t\t\r\n\t\t\t<\/div>\r\n\t\t<\/div>\r\n\t\t\t\t\t\t<\/div>\n\t\t\t\t<\/div>\n\t\t\t\t\t<\/div>\n\t\t\t\t<\/div>\n\t\t<div class=\"elementor-element elementor-element-76953f7 e-flex e-con-boxed e-con e-parent\" data-id=\"76953f7\" data-element_type=\"container\" data-e-type=\"container\">\n\t\t\t\t\t<div class=\"e-con-inner\">\n\t\t\t\t<div class=\"elementor-element elementor-element-2f32cd6 elementor-widget elementor-widget-text-editor\" data-id=\"2f32cd6\" data-element_type=\"widget\" data-e-type=\"widget\" data-widget_type=\"text-editor.default\">\n\t\t\t\t\t\t\t\t\t<p>En <strong>Hotel Vienna International (Zona de Libre Comercio del Aeropuerto de Shangh\u00e1i Pudong)<\/strong>, ubicado en <strong>No. 566 Shiwan 6th Road, Nueva \u00c1rea de Pudong, Shangh\u00e1i, China<\/strong>Creemos que la verdadera hospitalidad no solo reside en el lugar donde se hospeda, sino en la precisi\u00f3n con la que anticipamos y satisfacemos todas sus necesidades. Dise\u00f1ado para el viajero global moderno, ya sea un ejecutivo que se desplaza por la din\u00e1mica Zona Franca, un hu\u00e9sped internacional con un vuelo temprano desde el Aeropuerto de Pudong o un viajero solitario que busca comodidad durante su viaje, nuestro completo conjunto de servicios est\u00e1 dise\u00f1ado para eliminar las fricciones, aumentar la comodidad y brindar tranquilidad en cada punto de contacto.<\/p><div class=\"my-2\">\u00a0<\/div><p data-spm-anchor-id=\"a2ty_o01.29997173.0.i69.19eec9217t1U2V\">Desde el momento en que considera su estad\u00eda hasta el momento de su partida, nuestro <strong>Servicios centrados en el hu\u00e9sped 24\/7<\/strong> Garantizamos una experiencia fluida y sin estr\u00e9s. Una de nuestras ofertas m\u00e1s valoradas es la <strong>servicio de transporte gratuito al aeropuerto<\/strong> hacia y desde <strong>Aeropuerto Internacional de Shangh\u00e1i Pudong (PVG)<\/strong>Con un horario flexible y a la carta, este servicio de transporte, junto con la coordinaci\u00f3n en tiempo real desde nuestra recepci\u00f3n, le permitir\u00e1 olvidarse de la incertidumbre de buscar un taxi a \u00faltima hora o de los retrasos en los servicios de transporte. Simplemente inf\u00f3rmenos los detalles de su vuelo y nosotros nos encargamos del resto.<\/p><div class=\"my-2\">\u00a0<\/div><p>Dentro del hotel, <strong>soporte las 24 horas<\/strong> est\u00e1 garantizado. Nuestro <strong>Recepci\u00f3n 24 horas y equipo de conserjer\u00eda<\/strong> Hablan ambos con fluidez <strong>mandar\u00edn e ingl\u00e9s<\/strong>, capacitados para ayudarle con todo, desde solicitudes urgentes de impresi\u00f3n y reservas de transporte local hasta recomendaciones de restaurantes y consultas sobre visas. \u00bfNecesita servicio de lavander\u00eda el mismo d\u00eda? \u00bfNecesita que le despierten para salir a las 5:00 a. m.? Nuestro personal responde con profesionalismo, calidez y eficiencia, porque entendemos que, en viajes, la puntualidad lo es todo.<\/p><div class=\"my-2\">\u00a0<\/div><p>Para los viajeros de negocios, nuestros servicios van m\u00e1s all\u00e1 de la habitaci\u00f3n. El hotel cuenta con... <strong>centro de negocios totalmente equipado<\/strong> Con internet de alta velocidad, impresi\u00f3n, escaneo y soporte secretarial. Gratuito. <strong>Wi-Fi ultrarr\u00e1pido<\/strong> Cubre cada rinc\u00f3n de la propiedad, incluyendo habitaciones, espacios para reuniones y \u00e1reas p\u00fablicas, lo que garantiza una conectividad ininterrumpida para reuniones virtuales, transferencias de archivos o trabajo remoto. Si necesita recibir a un cliente o realizar una reuni\u00f3n informativa de equipo, nuestro <strong>salas de reuniones flexibles<\/strong> Viene con equipo audiovisual, capacidades de videoconferencia y catering personalizado, todo ello respaldado por un coordinador de eventos en el lugar.<\/p><div class=\"my-2\">\u00a0<\/div><p>La comodidad de los hu\u00e9spedes se ve reforzada por comodidades pr\u00e1cticas pero bien pensadas: <strong>almacenamiento de equipaje gratuito<\/strong> para llegadas anticipadas o salidas tard\u00edas, <strong>estacionamiento gratuito en el establecimiento<\/strong> para los que llegan en coche, y <strong>Habitaciones insonorizadas para no fumadores<\/strong> Dise\u00f1adas para un sue\u00f1o reparador incluso despu\u00e9s de los viajes m\u00e1s largos. Cada habitaci\u00f3n incluye una estaci\u00f3n de trabajo ergon\u00f3mica, ropa de cama de primera calidad y climatizaci\u00f3n, transformando su estancia en un refugio personal que fomenta la productividad y la relajaci\u00f3n.<\/p><div class=\"my-2\">\u00a0<\/div><p>Reconociendo las diversas necesidades de los hu\u00e9spedes internacionales, tambi\u00e9n ofrecemos <strong>asistencia multiling\u00fce<\/strong>, <strong>orientaci\u00f3n sobre cambio de divisas<\/strong>, y una integraci\u00f3n perfecta con servicios locales como <strong>Didi (la aplicaci\u00f3n de transporte de China)<\/strong> Y acceso al metro. Aunque el hotel est\u00e1 ubicado en un distrito comercial profesional, no en una zona tur\u00edstica, nuestro equipo se asegura de que nunca se sienta aislado, ayud\u00e1ndole a conectarse f\u00e1cilmente con los lugares de inter\u00e9s cultural, centros comerciales o centros financieros de Shangh\u00e1i cuando lo necesite.<\/p><div class=\"my-2\">\u00a0<\/div><p>Es importante destacar que todos los servicios se prestan con la <strong>La filosof\u00eda distintiva de Vienna Hotel Group<\/strong>Combinando los est\u00e1ndares europeos de orden, elegancia y fiabilidad con un profundo respeto por la hospitalidad tradicional china. El resultado es una cultura de servicio que se percibe a la vez como familiar a nivel global y con una sinton\u00eda local: precisa pero a la vez amable, eficiente y emp\u00e1tica.<\/p><div class=\"my-2\">\u00a0<\/div><p>Ya sea que se quede una noche entre vuelos o administre un proyecto de una semana en Pudong, los servicios de <strong>Hotel Vienna International (Zona de Libre Comercio del Aeropuerto de Shangh\u00e1i Pudong)<\/strong> Est\u00e1n dise\u00f1ados para que tu viaje sea m\u00e1s fluido, inteligente y c\u00f3modo. Porque, en esencia, no solo ofrecemos un lugar para dormir, sino que tambi\u00e9n ofrecemos <strong>Un socio de confianza en su experiencia de viaje<\/strong>.<\/p><div class=\"my-2\">\u00a0<\/div><p data-spm-anchor-id=\"a2ty_o01.29997173.0.i71.19eec9217t1U2V\">D\u00e9janos encargarnos de los detalles para que t\u00fa puedas concentrarte en lo que m\u00e1s importa.<\/p>\t\t\t\t\t\t\t\t<\/div>\n\t\t\t\t\t<\/div>\n\t\t\t\t<\/div>\n\t\t\t\t<section class=\"elementor-section elementor-top-section elementor-element elementor-element-6d9bcae3 elementor-section-stretched elementor-section-boxed elementor-section-gap-beside-yes elementor-section-height-default elementor-section-height-default elementor-section-column-vertical-align-stretch\" data-id=\"6d9bcae3\" data-element_type=\"section\" data-e-type=\"section\" data-settings=\"{&quot;background_background&quot;:&quot;classic&quot;,&quot;stretch_section&quot;:&quot;section-stretched&quot;}\">\n\t\t\t\t\t\t<div class=\"elementor-container elementor-column-gap-extended\">\n\t\t\t\t\t<div class=\"elementor-column elementor-col-100 elementor-top-column elementor-element elementor-element-3c7a09ae\" data-id=\"3c7a09ae\" data-element_type=\"column\" data-e-type=\"column\">\n\t\t\t<div class=\"elementor-widget-wrap elementor-element-populated\">\n\t\t\t\t\t\t<div class=\"elementor-element elementor-element-42d0e737 elementor-widget elementor-widget-nuss-heading\" data-id=\"42d0e737\" data-element_type=\"widget\" data-e-type=\"widget\" data-widget_type=\"nuss-heading.default\">\n\t\t\t\t<div class=\"elementor-widget-container\">\n\t\t\t\t\t\t\t<div class=\"nuss-modern-heading\">\r\n\t\t\t\t\t\t<div class=\"heading-secondary-wrap\">\r\n\t\t\t\t<h3 class=\"heading-secondary elementor-heading-title\">Consultar disponibilidad <\/h3>\t\t\t<\/div>\r\n\t\t\r\n\t\t\t\r\n\t\t\t\r\n\t\t\t\t\t<\/div>\r\n\t\t\t\t\t<\/div>\n\t\t\t\t<\/div>\n\t\t\t\t<div class=\"elementor-element elementor-element-3cf7cf04 elementor-widget elementor-widget-text-editor\" data-id=\"3cf7cf04\" data-element_type=\"widget\" data-e-type=\"widget\" data-widget_type=\"text-editor.default\">\n\t\t\t\t\t\t\t\t\t<iframe border=\"0\" src=\"https:\/\/www.trip.com\/partners\/ad\/S5700095?Allianceid=4590391&#038;SID=263747114&#038;trip_sub1=\" style=\"width:1200px;height:180px\" frameborder=\"0\" scrolling=\"no\" id=\"S5700095\"><\/iframe>\t\t\t\t\t\t\t\t<\/div>\n\t\t\t\t\t<\/div>\n\t\t<\/div>\n\t\t\t\t\t<\/div>\n\t\t<\/section>\n\t\t\t\t<\/div>","protected":false},"excerpt":{"rendered":"<p>Exceptional Service, Thoughtfully Delivered: The Guest Experience at Vienna International Hotel (Shanghai Pudong Airport Free Trade Zone) At Vienna International Hotel (Shanghai Pudong Airport Free Trade Zone), located at No. 566 Shiwan 6th Road, Pudong New Area, Shanghai, China, we believe that true hospitality lies not just in where you stay\u2014but in how seamlessly your [&hellip;]<\/p>\n","protected":false},"author":1,"featured_media":0,"parent":0,"menu_order":0,"comment_status":"closed","ping_status":"closed","template":"","meta":{"footnotes":""},"class_list":["post-647","page","type-page","status-publish","hentry","post-no-thumbnail"],"_links":{"self":[{"href":"https:\/\/shanghaiviennainternationalhotel.com\/es\/wp-json\/wp\/v2\/pages\/647","targetHints":{"allow":["GET"]}}],"collection":[{"href":"https:\/\/shanghaiviennainternationalhotel.com\/es\/wp-json\/wp\/v2\/pages"}],"about":[{"href":"https:\/\/shanghaiviennainternationalhotel.com\/es\/wp-json\/wp\/v2\/types\/page"}],"author":[{"embeddable":true,"href":"https:\/\/shanghaiviennainternationalhotel.com\/es\/wp-json\/wp\/v2\/users\/1"}],"replies":[{"embeddable":true,"href":"https:\/\/shanghaiviennainternationalhotel.com\/es\/wp-json\/wp\/v2\/comments?post=647"}],"version-history":[{"count":0,"href":"https:\/\/shanghaiviennainternationalhotel.com\/es\/wp-json\/wp\/v2\/pages\/647\/revisions"}],"wp:attachment":[{"href":"https:\/\/shanghaiviennainternationalhotel.com\/es\/wp-json\/wp\/v2\/media?parent=647"}],"curies":[{"name":"wp","href":"https:\/\/api.w.org\/{rel}","templated":true}]}}