{"id":5266,"date":"2021-07-18T08:03:35","date_gmt":"2021-07-18T08:03:35","guid":{"rendered":"https:\/\/nuss.uxper.co\/luxury-resort\/?page_id=5266"},"modified":"2025-10-03T05:05:28","modified_gmt":"2025-10-03T05:05:28","slug":"sobre-nosotros","status":"publish","type":"page","link":"https:\/\/shanghaiviennainternationalhotel.com\/es\/sobre-nosotros\/","title":{"rendered":"Sobre nosotros"},"content":{"rendered":"<div data-elementor-type=\"wp-page\" data-elementor-id=\"5266\" class=\"elementor elementor-5266\">\n\t\t\t\t\t\t<section class=\"elementor-section elementor-top-section elementor-element elementor-element-10416953 elementor-section-boxed elementor-section-gap-beside-yes elementor-section-height-default elementor-section-height-default elementor-section-column-vertical-align-stretch\" data-id=\"10416953\" data-element_type=\"section\" data-e-type=\"section\">\n\t\t\t\t\t\t<div class=\"elementor-container elementor-column-gap-extended\">\n\t\t\t\t\t<div class=\"elementor-column elementor-col-100 elementor-top-column elementor-element elementor-element-29c6aa8\" data-id=\"29c6aa8\" data-element_type=\"column\" data-e-type=\"column\">\n\t\t\t<div class=\"elementor-widget-wrap elementor-element-populated\">\n\t\t\t\t\t\t<div class=\"elementor-element elementor-element-7be18fe7 elementor-widget__width-initial elementor-invisible elementor-widget elementor-widget-text-editor\" data-id=\"7be18fe7\" data-element_type=\"widget\" data-e-type=\"widget\" data-settings=\"{&quot;_animation&quot;:&quot;nussFadeInUp&quot;}\" data-widget_type=\"text-editor.default\">\n\t\t\t\t\t\t\t\t\t<div class=\"svelte-1c06zsf\" data-lang-code=\"\"><div class=\"svelte-1c06zsf\" data-lang-code=\"\"><p data-spm-anchor-id=\"a2ty_o01.29997173.0.i25.19eec9217t1U2V\">Su puerta de entrada a la comodidad cerca del Aeropuerto de Shangh\u00e1i-Pudong<\/p><\/div><\/div>\t\t\t\t\t\t\t\t<\/div>\n\t\t\t\t\t<\/div>\n\t\t<\/div>\n\t\t\t\t\t<\/div>\n\t\t<\/section>\n\t\t\t\t<section class=\"elementor-section elementor-top-section elementor-element elementor-element-7d18327f elementor-section-boxed elementor-section-gap-beside-yes elementor-section-height-default elementor-section-height-default elementor-section-column-vertical-align-stretch\" data-id=\"7d18327f\" data-element_type=\"section\" data-e-type=\"section\">\n\t\t\t\t\t\t<div class=\"elementor-container elementor-column-gap-extended\">\n\t\t\t\t\t<div class=\"elementor-column elementor-col-50 elementor-top-column elementor-element elementor-element-56533670\" data-id=\"56533670\" data-element_type=\"column\" data-e-type=\"column\">\n\t\t\t<div class=\"elementor-widget-wrap elementor-element-populated\">\n\t\t\t\t\t\t<div class=\"elementor-element elementor-element-19c3f543 elementor-drop-cap-yes elementor-drop-cap-view-default elementor-invisible elementor-widget elementor-widget-text-editor\" data-id=\"19c3f543\" data-element_type=\"widget\" data-e-type=\"widget\" data-settings=\"{&quot;_animation&quot;:&quot;nussFadeInUp&quot;,&quot;drop_cap&quot;:&quot;yes&quot;}\" data-widget_type=\"text-editor.default\">\n\t\t\t\t\t\t\t\t\t<p data-spm-anchor-id=\"a2ty_o01.29997173.0.i26.19eec9217t1U2V\">Descubra la comodidad perfecta y la conveniencia estrat\u00e9gica en <strong>Hotel Vienna International (Zona de Libre Comercio del Aeropuerto de Shangh\u00e1i Pudong)<\/strong>\u2014su oasis urbano ideal a solo minutos del Aeropuerto Internacional de Shangh\u00e1i Pudong (PVG) y en el coraz\u00f3n de uno de los centros econ\u00f3micos m\u00e1s din\u00e1micos de China. Ubicado en <strong>No. 566 Shiwan 6th Road, Nueva \u00c1rea de Pudong, Shangh\u00e1i<\/strong>Este moderno hotel de 4 estrellas combina la elegancia de inspiraci\u00f3n europea con comodidades pr\u00e1cticas adaptadas a los exigentes viajeros de negocios y de placer de hoy.<\/p>\t\t\t\t\t\t\t\t<\/div>\n\t\t\t\t\t<\/div>\n\t\t<\/div>\n\t\t\t\t<div class=\"elementor-column elementor-col-50 elementor-top-column elementor-element elementor-element-30f14127\" data-id=\"30f14127\" data-element_type=\"column\" data-e-type=\"column\">\n\t\t\t<div class=\"elementor-widget-wrap elementor-element-populated\">\n\t\t\t\t\t\t<div class=\"elementor-element elementor-element-59aea08 elementor-widget elementor-widget-image\" data-id=\"59aea08\" data-element_type=\"widget\" data-e-type=\"widget\" data-widget_type=\"image.default\">\n\t\t\t\t\t\t\t\t\t\t\t\t\t\t\t<img fetchpriority=\"high\" decoding=\"async\" width=\"1024\" height=\"640\" src=\"https:\/\/shanghaiviennainternationalhotel.com\/wp-content\/uploads\/2025\/10\/Vienna-International-Hotel-5-1024x640.webp\" class=\"attachment-large size-large wp-image-7151\" alt=\"\" srcset=\"https:\/\/shanghaiviennainternationalhotel.com\/wp-content\/uploads\/2025\/10\/Vienna-International-Hotel-5-1024x640.webp 1024w, https:\/\/shanghaiviennainternationalhotel.com\/wp-content\/uploads\/2025\/10\/Vienna-International-Hotel-5-300x188.webp 300w, https:\/\/shanghaiviennainternationalhotel.com\/wp-content\/uploads\/2025\/10\/Vienna-International-Hotel-5-768x480.webp 768w, https:\/\/shanghaiviennainternationalhotel.com\/wp-content\/uploads\/2025\/10\/Vienna-International-Hotel-5-18x12.webp 18w, https:\/\/shanghaiviennainternationalhotel.com\/wp-content\/uploads\/2025\/10\/Vienna-International-Hotel-5.webp 1280w\" sizes=\"(max-width: 1024px) 100vw, 1024px\" \/>\t\t\t\t\t\t\t\t\t\t\t\t\t\t\t<\/div>\n\t\t\t\t\t<\/div>\n\t\t<\/div>\n\t\t\t\t\t<\/div>\n\t\t<\/section>\n\t\t\t\t<section class=\"elementor-section elementor-top-section elementor-element elementor-element-29fb8578 elementor-section-height-min-height elementor-section-stretched elementor-section-full_width elementor-section-items-stretch elementor-section-height-default elementor-section-column-vertical-align-stretch\" data-id=\"29fb8578\" data-element_type=\"section\" data-e-type=\"section\" data-settings=\"{&quot;stretch_section&quot;:&quot;section-stretched&quot;}\">\n\t\t\t\t\t\t<div class=\"elementor-container elementor-column-gap-no\">\n\t\t\t\t\t<div class=\"elementor-column elementor-col-50 elementor-top-column elementor-element elementor-element-40ac270b\" data-id=\"40ac270b\" data-element_type=\"column\" data-e-type=\"column\">\n\t\t\t<div class=\"elementor-widget-wrap elementor-element-populated\">\n\t\t\t\t\t\t<div class=\"elementor-element elementor-element-20872773 elementor-widget__width-initial elementor-widget-mobile__width-inherit elementor-invisible nuss-elementor-loading nuss-slide-in-right elementor-widget elementor-widget-image\" data-id=\"20872773\" data-element_type=\"widget\" data-e-type=\"widget\" data-settings=\"{&quot;_animation&quot;:&quot;nussSlideInRight&quot;}\" data-widget_type=\"image.default\">\n\t\t\t\t\t\t\t\t\t\t\t\t\t\t\t<img decoding=\"async\" width=\"1280\" height=\"853\" src=\"https:\/\/shanghaiviennainternationalhotel.com\/wp-content\/uploads\/2025\/10\/Vienna-International-Hotel-64.webp\" class=\"attachment-full size-full wp-image-7210\" alt=\"\" srcset=\"https:\/\/shanghaiviennainternationalhotel.com\/wp-content\/uploads\/2025\/10\/Vienna-International-Hotel-64.webp 1280w, https:\/\/shanghaiviennainternationalhotel.com\/wp-content\/uploads\/2025\/10\/Vienna-International-Hotel-64-300x200.webp 300w, https:\/\/shanghaiviennainternationalhotel.com\/wp-content\/uploads\/2025\/10\/Vienna-International-Hotel-64-1024x682.webp 1024w, https:\/\/shanghaiviennainternationalhotel.com\/wp-content\/uploads\/2025\/10\/Vienna-International-Hotel-64-768x512.webp 768w, https:\/\/shanghaiviennainternationalhotel.com\/wp-content\/uploads\/2025\/10\/Vienna-International-Hotel-64-18x12.webp 18w\" sizes=\"(max-width: 1280px) 100vw, 1280px\" \/>\t\t\t\t\t\t\t\t\t\t\t\t\t\t\t<\/div>\n\t\t\t\t\t<\/div>\n\t\t<\/div>\n\t\t\t\t<div class=\"elementor-column elementor-col-50 elementor-top-column elementor-element elementor-element-2dac103\" data-id=\"2dac103\" data-element_type=\"column\" data-e-type=\"column\">\n\t\t\t<div class=\"elementor-widget-wrap elementor-element-populated\">\n\t\t\t\t\t\t<div class=\"elementor-element elementor-element-6f1b8966 elementor-invisible elementor-widget elementor-widget-text-editor\" data-id=\"6f1b8966\" data-element_type=\"widget\" data-e-type=\"widget\" data-settings=\"{&quot;_animation&quot;:&quot;nussFadeInUp&quot;}\" data-widget_type=\"text-editor.default\">\n\t\t\t\t\t\t\t\t\t<p data-spm-anchor-id=\"a2ty_o01.29997173.0.i28.19eec9217t1U2V\">Ya sea que llegue para una escala corta, una reuni\u00f3n de negocios internacional en la Zona de Libre Comercio de Shangh\u00e1i o para explorar el horizonte futurista de Pudong, el Vienna International Hotel le garantiza una estad\u00eda sin estr\u00e9s con su <strong>Servicio de transporte al aeropuerto 24\/7<\/strong>, <strong>habitaciones insonorizadas<\/strong>, <strong>Wi-Fi de alta velocidad<\/strong>, y <strong>restaurante en el lugar<\/strong> Sirviendo una fusi\u00f3n de cocina china y occidental. Las habitaciones, cuidadosamente dise\u00f1adas, cuentan con ropa de cama de lujo, espacios de trabajo ergon\u00f3micos y una decoraci\u00f3n contempor\u00e1nea que combina estilo y funcionalidad, perfecta para relajarse despu\u00e9s de un largo vuelo o prepararse para un d\u00eda productivo.<\/p><div class=\"my-2\">\u00a0<\/div><p>Con una ubicaci\u00f3n estrat\u00e9gica cerca de importantes oficinas corporativas, centros log\u00edsticos y conexiones de transporte, incluyendo f\u00e1cil acceso a la L\u00ednea 2 del Metro y a la Autopista de Circunvalaci\u00f3n de Shangh\u00e1i, el hotel ofrece una accesibilidad inigualable sin sacrificar la tranquilidad. Los hu\u00e9spedes tambi\u00e9n se benefician de servicios de conserjer\u00eda profesionales, un centro de negocios bien equipado y personal multiling\u00fce listo para ayudarles con todo, desde recomendaciones de restaurantes locales hasta la organizaci\u00f3n de viajes de \u00faltima hora.<\/p><div class=\"my-2\">\u00a0<\/div><p>Ideal para viajeros internacionales que buscan <strong>Alojamiento confiable, c\u00f3modo y convenientemente ubicado cerca del Aeropuerto de Shangh\u00e1i Pudong.<\/strong>El Vienna International Hotel ofrece una relaci\u00f3n calidad-precio excepcional, una calidad constante y una experiencia de hospitalidad c\u00e1lida y eficiente, fiel a su compromiso global. Reserve su estancia y disfrute del equilibrio perfecto entre eficiencia, comodidad y conectividad en el coraz\u00f3n del distrito de innovaci\u00f3n de Shangh\u00e1i.<\/p>\t\t\t\t\t\t\t\t<\/div>\n\t\t\t\t\t<\/div>\n\t\t<\/div>\n\t\t\t\t\t<\/div>\n\t\t<\/section>\n\t\t\t\t<section class=\"elementor-section elementor-top-section elementor-element elementor-element-2092b7d0 elementor-section-stretched elementor-section-boxed elementor-section-gap-beside-yes elementor-section-height-default elementor-section-height-default elementor-section-column-vertical-align-stretch\" data-id=\"2092b7d0\" data-element_type=\"section\" data-e-type=\"section\" data-settings=\"{&quot;background_background&quot;:&quot;classic&quot;,&quot;stretch_section&quot;:&quot;section-stretched&quot;}\">\n\t\t\t\t\t\t<div class=\"elementor-container elementor-column-gap-extended\">\n\t\t\t\t\t<div class=\"elementor-column elementor-col-100 elementor-top-column elementor-element elementor-element-be69d75\" data-id=\"be69d75\" data-element_type=\"column\" data-e-type=\"column\">\n\t\t\t<div class=\"elementor-widget-wrap elementor-element-populated\">\n\t\t\t\t\t\t<div class=\"elementor-element elementor-element-320c022 elementor-widget elementor-widget-nuss-heading\" data-id=\"320c022\" data-element_type=\"widget\" data-e-type=\"widget\" data-widget_type=\"nuss-heading.default\">\n\t\t\t\t<div class=\"elementor-widget-container\">\n\t\t\t\t\t\t\t<div class=\"nuss-modern-heading\">\r\n\t\t\t\t\t\t<div class=\"heading-secondary-wrap\">\r\n\t\t\t\t<h3 class=\"heading-secondary elementor-heading-title\">Consultar disponibilidad <\/h3>\t\t\t<\/div>\r\n\t\t\r\n\t\t\t\r\n\t\t\t\r\n\t\t\t\t\t<\/div>\r\n\t\t\t\t\t<\/div>\n\t\t\t\t<\/div>\n\t\t\t\t<div class=\"elementor-element elementor-element-fe69a93 elementor-widget elementor-widget-text-editor\" data-id=\"fe69a93\" data-element_type=\"widget\" data-e-type=\"widget\" data-widget_type=\"text-editor.default\">\n\t\t\t\t\t\t\t\t\t<iframe border=\"0\" src=\"https:\/\/www.trip.com\/partners\/ad\/S5700095?Allianceid=4590391&#038;SID=263747114&#038;trip_sub1=\" style=\"width:1200px;height:180px\" frameborder=\"0\" scrolling=\"no\" id=\"S5700095\"><\/iframe>\t\t\t\t\t\t\t\t<\/div>\n\t\t\t\t\t<\/div>\n\t\t<\/div>\n\t\t\t\t\t<\/div>\n\t\t<\/section>\n\t\t\t\t<\/div>","protected":false},"excerpt":{"rendered":"<p>Your Gateway to Comfort Near Shanghai Pudong Airport Discover seamless comfort and strategic convenience at Vienna International Hotel (Shanghai Pudong Airport Free Trade Zone)\u2014your ideal urban oasis just minutes from Shanghai Pudong International Airport (PVG) and at the heart of one of China\u2019s most dynamic economic hubs. Nestled at No. 566 Shiwan 6th Road, Pudong [&hellip;]<\/p>\n","protected":false},"author":1,"featured_media":0,"parent":0,"menu_order":0,"comment_status":"closed","ping_status":"closed","template":"","meta":{"footnotes":""},"class_list":["post-5266","page","type-page","status-publish","hentry","post-no-thumbnail"],"_links":{"self":[{"href":"https:\/\/shanghaiviennainternationalhotel.com\/es\/wp-json\/wp\/v2\/pages\/5266","targetHints":{"allow":["GET"]}}],"collection":[{"href":"https:\/\/shanghaiviennainternationalhotel.com\/es\/wp-json\/wp\/v2\/pages"}],"about":[{"href":"https:\/\/shanghaiviennainternationalhotel.com\/es\/wp-json\/wp\/v2\/types\/page"}],"author":[{"embeddable":true,"href":"https:\/\/shanghaiviennainternationalhotel.com\/es\/wp-json\/wp\/v2\/users\/1"}],"replies":[{"embeddable":true,"href":"https:\/\/shanghaiviennainternationalhotel.com\/es\/wp-json\/wp\/v2\/comments?post=5266"}],"version-history":[{"count":0,"href":"https:\/\/shanghaiviennainternationalhotel.com\/es\/wp-json\/wp\/v2\/pages\/5266\/revisions"}],"wp:attachment":[{"href":"https:\/\/shanghaiviennainternationalhotel.com\/es\/wp-json\/wp\/v2\/media?parent=5266"}],"curies":[{"name":"wp","href":"https:\/\/api.w.org\/{rel}","templated":true}]}}