{"id":647,"date":"2021-03-29T02:13:52","date_gmt":"2021-03-29T02:13:52","guid":{"rendered":"http:\/\/localhost\/nuss\/?page_id=647"},"modified":"2025-10-03T06:36:42","modified_gmt":"2025-10-03T06:36:42","slug":"dienstleistungen","status":"publish","type":"page","link":"https:\/\/shanghaiviennainternationalhotel.com\/de\/dienstleistungen\/","title":{"rendered":"Leistungen"},"content":{"rendered":"<div data-elementor-type=\"wp-page\" data-elementor-id=\"647\" class=\"elementor elementor-647\">\n\t\t\t\t\t\t<section class=\"elementor-section elementor-top-section elementor-element elementor-element-3353bc8 elementor-section-boxed elementor-section-gap-beside-yes elementor-section-height-default elementor-section-height-default elementor-section-column-vertical-align-stretch\" data-id=\"3353bc8\" data-element_type=\"section\" data-e-type=\"section\">\n\t\t\t\t\t\t<div class=\"elementor-container elementor-column-gap-extended\">\n\t\t\t\t\t<div class=\"elementor-column elementor-col-100 elementor-top-column elementor-element elementor-element-0a2bc64\" data-id=\"0a2bc64\" data-element_type=\"column\" data-e-type=\"column\">\n\t\t\t<div class=\"elementor-widget-wrap elementor-element-populated\">\n\t\t\t\t\t\t<div class=\"elementor-element elementor-element-447e3ef elementor-widget__width-initial elementor-invisible elementor-widget elementor-widget-text-editor\" data-id=\"447e3ef\" data-element_type=\"widget\" data-e-type=\"widget\" data-settings=\"{&quot;_animation&quot;:&quot;nussFadeInUp&quot;}\" data-widget_type=\"text-editor.default\">\n\t\t\t\t\t\t\t\t\t<div class=\"svelte-1c06zsf\" data-lang-code=\"\"><p><strong data-spm-anchor-id=\"a2ty_o01.29997173.0.i68.19eec9217t1U2V\">Au\u00dfergew\u00f6hnlicher Service, sorgf\u00e4ltig erbracht: Das G\u00e4steerlebnis im Vienna International Hotel (Freihandelszone des Flughafens Shanghai Pudong)<\/strong><\/p><\/div>\t\t\t\t\t\t\t\t<\/div>\n\t\t\t\t\t<\/div>\n\t\t<\/div>\n\t\t\t\t\t<\/div>\n\t\t<\/section>\n\t\t<div class=\"elementor-element elementor-element-e15b1c0 e-flex e-con-boxed e-con e-parent\" data-id=\"e15b1c0\" data-element_type=\"container\" data-e-type=\"container\">\n\t\t\t\t\t<div class=\"e-con-inner\">\n\t\t\t\t<div class=\"elementor-element elementor-element-3772a3e elementor-widget elementor-widget-nuss-image-gallery\" data-id=\"3772a3e\" data-element_type=\"widget\" data-e-type=\"widget\" data-widget_type=\"nuss-image-gallery.default\">\n\t\t\t\t<div class=\"elementor-widget-container\">\n\t\t\t\t\t\t\t<div class=\"nuss-grid-wrapper\" data-grid=\"{&quot;type&quot;:&quot;grid&quot;,&quot;ratio&quot;:null,&quot;columns&quot;:3,&quot;gutter&quot;:30}\">\r\n\t\t\t<div class=\"nuss-grid lazy-grid\">\r\n\t\t\t\t<div class=\"grid-sizer\"><\/div>\r\n\r\n\t\t\t\t\t\t\t\t\t\t\t\t<div class=\"grid-item\">\r\n\t\t\t\t\t\t<div class=\"nuss-box\">\t\t<div class=\"nuss-image image\">\r\n\t\t\t<img decoding=\"async\"  src=\"https:\/\/shanghaiviennainternationalhotel.com\/wp-content\/uploads\/2025\/10\/Vienna-International-Hotel-67.webp\" alt=\"Vienna International Hotel (67)\" \/>\t\t<\/div>\r\n\t\t\t\t<\/div>\t\t\t\t\t<\/div>\r\n\t\t\t\t\t\t<div class=\"grid-item\">\r\n\t\t\t\t\t\t<div class=\"nuss-box\">\t\t<div class=\"nuss-image image\">\r\n\t\t\t<img decoding=\"async\"  src=\"https:\/\/shanghaiviennainternationalhotel.com\/wp-content\/uploads\/2025\/10\/Vienna-International-Hotel-69.webp\" alt=\"Vienna International Hotel (69)\" \/>\t\t<\/div>\r\n\t\t\t\t<\/div>\t\t\t\t\t<\/div>\r\n\t\t\t\t\t\t<div class=\"grid-item\">\r\n\t\t\t\t\t\t<div class=\"nuss-box\">\t\t<div class=\"nuss-image image\">\r\n\t\t\t<img decoding=\"async\"  src=\"https:\/\/shanghaiviennainternationalhotel.com\/wp-content\/uploads\/2025\/10\/Vienna-International-Hotel-68.webp\" alt=\"Vienna International Hotel (68)\" \/>\t\t<\/div>\r\n\t\t\t\t<\/div>\t\t\t\t\t<\/div>\r\n\t\t\t\t\t\t<div class=\"grid-item\">\r\n\t\t\t\t\t\t<div class=\"nuss-box\">\t\t<div class=\"nuss-image image\">\r\n\t\t\t<img decoding=\"async\"  src=\"https:\/\/shanghaiviennainternationalhotel.com\/wp-content\/uploads\/2025\/10\/Vienna-International-Hotel-70.webp\" alt=\"Vienna International Hotel (70)\" \/>\t\t<\/div>\r\n\t\t\t\t<\/div>\t\t\t\t\t<\/div>\r\n\t\t\t\t\t\t<div class=\"grid-item\">\r\n\t\t\t\t\t\t<div class=\"nuss-box\">\t\t<div class=\"nuss-image image\">\r\n\t\t\t<img decoding=\"async\"  src=\"https:\/\/shanghaiviennainternationalhotel.com\/wp-content\/uploads\/2025\/10\/Vienna-International-Hotel-77.webp\" alt=\"Vienna International Hotel (77)\" \/>\t\t<\/div>\r\n\t\t\t\t<\/div>\t\t\t\t\t<\/div>\r\n\t\t\t\t\t\t<div class=\"grid-item\">\r\n\t\t\t\t\t\t<div class=\"nuss-box\">\t\t<div class=\"nuss-image image\">\r\n\t\t\t<img decoding=\"async\"  src=\"https:\/\/shanghaiviennainternationalhotel.com\/wp-content\/uploads\/2025\/10\/Vienna-International-Hotel-63.webp\" alt=\"Vienna International Hotel (63)\" \/>\t\t<\/div>\r\n\t\t\t\t<\/div>\t\t\t\t\t<\/div>\r\n\t\t\t\t\t\t<div class=\"grid-item\">\r\n\t\t\t\t\t\t<div class=\"nuss-box\">\t\t<div class=\"nuss-image image\">\r\n\t\t\t<img decoding=\"async\"  src=\"https:\/\/shanghaiviennainternationalhotel.com\/wp-content\/uploads\/2025\/10\/Vienna-International-Hotel-62.webp\" alt=\"Vienna International Hotel (62)\" \/>\t\t<\/div>\r\n\t\t\t\t<\/div>\t\t\t\t\t<\/div>\r\n\t\t\t\t\t\t<div class=\"grid-item\">\r\n\t\t\t\t\t\t<div class=\"nuss-box\">\t\t<div class=\"nuss-image image\">\r\n\t\t\t<img decoding=\"async\"  src=\"https:\/\/shanghaiviennainternationalhotel.com\/wp-content\/uploads\/2025\/10\/Vienna-International-Hotel-46.webp\" alt=\"Vienna International Hotel (46)\" \/>\t\t<\/div>\r\n\t\t\t\t<\/div>\t\t\t\t\t<\/div>\r\n\t\t\t\t\t\t<div class=\"grid-item\">\r\n\t\t\t\t\t\t<div class=\"nuss-box\">\t\t<div class=\"nuss-image image\">\r\n\t\t\t<img decoding=\"async\"  src=\"https:\/\/shanghaiviennainternationalhotel.com\/wp-content\/uploads\/2025\/10\/Vienna-International-Hotel-44.webp\" alt=\"Vienna International Hotel (44)\" \/>\t\t<\/div>\r\n\t\t\t\t<\/div>\t\t\t\t\t<\/div>\r\n\t\t\t\t\t\t<div class=\"grid-item\">\r\n\t\t\t\t\t\t<div class=\"nuss-box\">\t\t<div class=\"nuss-image image\">\r\n\t\t\t<img decoding=\"async\"  src=\"https:\/\/shanghaiviennainternationalhotel.com\/wp-content\/uploads\/2025\/10\/Vienna-International-Hotel-40.webp\" alt=\"Vienna International Hotel (40)\" \/>\t\t<\/div>\r\n\t\t\t\t<\/div>\t\t\t\t\t<\/div>\r\n\t\t\t\t\t\t<div class=\"grid-item\">\r\n\t\t\t\t\t\t<div class=\"nuss-box\">\t\t<div class=\"nuss-image image\">\r\n\t\t\t<img decoding=\"async\"  src=\"https:\/\/shanghaiviennainternationalhotel.com\/wp-content\/uploads\/2025\/10\/Vienna-International-Hotel-39.webp\" alt=\"Vienna International Hotel (39)\" \/>\t\t<\/div>\r\n\t\t\t\t<\/div>\t\t\t\t\t<\/div>\r\n\t\t\t\t\t\t<div class=\"grid-item\">\r\n\t\t\t\t\t\t<div class=\"nuss-box\">\t\t<div class=\"nuss-image image\">\r\n\t\t\t<img decoding=\"async\"  src=\"https:\/\/shanghaiviennainternationalhotel.com\/wp-content\/uploads\/2025\/10\/Vienna-International-Hotel-29.webp\" alt=\"Vienna International Hotel (29)\" \/>\t\t<\/div>\r\n\t\t\t\t<\/div>\t\t\t\t\t<\/div>\r\n\t\t\t\t\t\t<div class=\"grid-item\">\r\n\t\t\t\t\t\t<div class=\"nuss-box\">\t\t<div class=\"nuss-image image\">\r\n\t\t\t<img decoding=\"async\"  src=\"https:\/\/shanghaiviennainternationalhotel.com\/wp-content\/uploads\/2025\/10\/Vienna-International-Hotel-26.webp\" alt=\"Vienna International Hotel (26)\" \/>\t\t<\/div>\r\n\t\t\t\t<\/div>\t\t\t\t\t<\/div>\r\n\t\t\t\t\t\t<div class=\"grid-item\">\r\n\t\t\t\t\t\t<div class=\"nuss-box\">\t\t<div class=\"nuss-image image\">\r\n\t\t\t<img decoding=\"async\"  src=\"https:\/\/shanghaiviennainternationalhotel.com\/wp-content\/uploads\/2025\/10\/Vienna-International-Hotel-25.webp\" alt=\"Vienna International Hotel (25)\" \/>\t\t<\/div>\r\n\t\t\t\t<\/div>\t\t\t\t\t<\/div>\r\n\t\t\t\t\t\t<div class=\"grid-item\">\r\n\t\t\t\t\t\t<div class=\"nuss-box\">\t\t<div class=\"nuss-image image\">\r\n\t\t\t<img decoding=\"async\"  src=\"https:\/\/shanghaiviennainternationalhotel.com\/wp-content\/uploads\/2025\/10\/Vienna-International-Hotel-60.webp\" alt=\"Vienna International Hotel (60)\" \/>\t\t<\/div>\r\n\t\t\t\t<\/div>\t\t\t\t\t<\/div>\r\n\t\t\t\t\t\t\t\r\n\t\t\t<\/div>\r\n\t\t<\/div>\r\n\t\t\t\t\t\t<\/div>\n\t\t\t\t<\/div>\n\t\t\t\t\t<\/div>\n\t\t\t\t<\/div>\n\t\t<div class=\"elementor-element elementor-element-76953f7 e-flex e-con-boxed e-con e-parent\" data-id=\"76953f7\" data-element_type=\"container\" data-e-type=\"container\">\n\t\t\t\t\t<div class=\"e-con-inner\">\n\t\t\t\t<div class=\"elementor-element elementor-element-2f32cd6 elementor-widget elementor-widget-text-editor\" data-id=\"2f32cd6\" data-element_type=\"widget\" data-e-type=\"widget\" data-widget_type=\"text-editor.default\">\n\t\t\t\t\t\t\t\t\t<p>Bei <strong>Vienna International Hotel (Freihandelszone des Flughafens Shanghai Pudong)<\/strong>, gelegen in <strong>Nr. 566 Shiwan 6th Road, Pudong New Area, Shanghai, China<\/strong>Wir sind davon \u00fcberzeugt, dass wahre Gastfreundschaft nicht nur darin besteht, wo Sie \u00fcbernachten, sondern auch darin, wie reibungslos alle Ihre W\u00fcnsche vorweggenommen und erf\u00fcllt werden. Unser umfassendes Serviceangebot wurde f\u00fcr den modernen Weltreisenden entwickelt \u2013 ob Sie nun ein Gesch\u00e4ftsmann sind, der sich durch die hektische Freihandelszone bewegt, ein internationaler Gast mit einem fr\u00fchen Flug vom Flughafen Pudong oder ein Alleinreisender, der auf der Durchreise Komfort sucht \u2013 und ist darauf ausgelegt, Reibungspunkte zu vermeiden, den Komfort zu erh\u00f6hen und an jedem Kontaktpunkt ein beruhigendes Gef\u00fchl zu vermitteln.<\/p><div class=\"my-2\">\u00a0<\/div><p data-spm-anchor-id=\"a2ty_o01.29997173.0.i69.19eec9217t1U2V\">Von der Planung Ihres Aufenthalts bis zu Ihrer Abreise, unsere <strong>G\u00e4steorientierte Dienstleistungen rund um die Uhr<\/strong> sorgen f\u00fcr ein reibungsloses, stressfreies Erlebnis. Eines unserer wertvollsten Angebote ist die <strong>kostenloser Flughafen-Shuttleservice<\/strong> von und nach <strong>Internationaler Flughafen Shanghai Pudong (PVG)<\/strong>Dieser Shuttle verkehrt planm\u00e4\u00dfig und flexibel auf Abruf. Dank der Echtzeit-Koordination unserer Rezeption sind Sie nie wieder mit der Unsicherheit von Taxisuchen in letzter Minute oder Versp\u00e4tungen bei der Mitfahrgelegenheit konfrontiert. Teilen Sie uns einfach Ihre Flugdaten mit, wir k\u00fcmmern uns um den Rest.<\/p><div class=\"my-2\">\u00a0<\/div><p>Im Hotel, <strong>Rund-um-die-Uhr-Support<\/strong> ist garantiert. Unsere <strong>24-Stunden-Rezeption und Concierge-Team<\/strong> beherrschen beides <strong>Mandarin und Englisch<\/strong>Wir sind darauf geschult, Ihnen bei allem zu helfen, von dringenden Druckauftr\u00e4gen und lokalen Transportbuchungen bis hin zu Restaurantempfehlungen und Visa-Anfragen. Ben\u00f6tigen Sie einen W\u00e4scheservice am selben Tag? Brauchen Sie einen Weckruf f\u00fcr eine Abreise um 5 Uhr morgens? Unsere Mitarbeiter reagieren professionell, freundlich und effizient \u2013 denn wir wissen, dass es beim Reisen auf das Timing ankommt.<\/p><div class=\"my-2\">\u00a0<\/div><p>F\u00fcr Gesch\u00e4ftsreisende geht unser Service \u00fcber das Zimmer hinaus. Das Hotel verf\u00fcgt \u00fcber ein <strong>voll ausgestattetes Businesscenter<\/strong> mit Highspeed-Internet, Drucken, Scannen und Sekretariatsunterst\u00fctzung. Kostenlose <strong>ultraschnelles WLAN<\/strong> deckt jeden Winkel des Anwesens ab \u2013 einschlie\u00dflich G\u00e4stezimmer, Besprechungsr\u00e4ume und \u00f6ffentliche Bereiche \u2013 und gew\u00e4hrleistet so eine unterbrechungsfreie Konnektivit\u00e4t f\u00fcr virtuelle Meetings, Datei\u00fcbertragungen oder Remote-Arbeit. Sollten Sie einen Kunden empfangen oder ein Team-Briefing durchf\u00fchren m\u00fcssen, ist unser <strong>flexible Tagungsr\u00e4ume<\/strong> sind mit AV-Ger\u00e4ten, Videokonferenzfunktionen und individuell anpassbarem Catering ausgestattet, alles unterst\u00fctzt durch einen Veranstaltungskoordinator vor Ort.<\/p><div class=\"my-2\">\u00a0<\/div><p>Der Komfort der G\u00e4ste wird durch praktische und durchdachte Annehmlichkeiten weiter gesteigert: <strong>kostenlose Gep\u00e4ckaufbewahrung<\/strong> bei vorzeitiger Ankunft oder versp\u00e4teter Abreise, <strong>kostenlose Parkpl\u00e4tze vor Ort<\/strong> f\u00fcr diejenigen, die mit dem Auto anreisen, und <strong>schallisolierte Nichtraucherzimmer<\/strong> F\u00fcr erholsamen Schlaf selbst nach den l\u00e4ngsten Reisen konzipiert. Jedes Zimmer verf\u00fcgt \u00fcber einen ergonomischen Arbeitsplatz, hochwertige Bettw\u00e4sche und eine Klimaanlage \u2013 so wird Ihr Aufenthalt zu einem pers\u00f6nlichen R\u00fcckzugsort, der sowohl Produktivit\u00e4t als auch Entspannung f\u00f6rdert.<\/p><div class=\"my-2\">\u00a0<\/div><p>Angesichts der vielf\u00e4ltigen Bed\u00fcrfnisse internationaler G\u00e4ste bieten wir auch <strong>mehrsprachige Unterst\u00fctzung<\/strong>, <strong>Anleitung zum W\u00e4hrungsumtausch<\/strong>und nahtlose Integration mit lokalen Diensten wie <strong>Didi (Chinas Mitfahr-App)<\/strong> und Unterst\u00fctzung beim Zugang zur U-Bahn. Obwohl das Hotel in einem professionellen Gesch\u00e4ftsviertel und nicht in einer Touristenzone liegt, sorgt unser Team daf\u00fcr, dass Sie nie isoliert sind und hilft Ihnen bei Bedarf, m\u00fchelos die kulturellen Sehensw\u00fcrdigkeiten, Einkaufszentren oder Finanzzentren Shanghais zu erreichen.<\/p><div class=\"my-2\">\u00a0<\/div><p>Wichtig ist, dass alle Dienstleistungen mit der <strong>Die charakteristische Philosophie der Vienna Hotel Group<\/strong>: Die Verbindung europ\u00e4ischer Standards von Ordnung, Eleganz und Zuverl\u00e4ssigkeit mit tiefem Respekt f\u00fcr die chinesische Gastfreundschaftstradition. Das Ergebnis ist eine Servicekultur, die sich sowohl global vertraut als auch lokal abgestimmt anf\u00fchlt \u2013 pr\u00e4zise und doch pers\u00f6nlich, effizient und doch einf\u00fchlsam.<\/p><div class=\"my-2\">\u00a0<\/div><p>Ob Sie f\u00fcr eine Nacht zwischen zwei Fl\u00fcgen bleiben oder ein einw\u00f6chiges Projekt in Pudong verwalten, die Dienstleistungen von <strong>Vienna International Hotel (Freihandelszone des Flughafens Shanghai Pudong)<\/strong> sind darauf ausgelegt, Ihre Reise reibungsloser, intelligenter und komfortabler zu gestalten. Denn im Kern bieten wir nicht nur einen Platz zum Schlafen \u2013 wir bieten <strong>ein vertrauensw\u00fcrdiger Partner f\u00fcr Ihr Reiseerlebnis<\/strong>.<\/p><div class=\"my-2\">\u00a0<\/div><p data-spm-anchor-id=\"a2ty_o01.29997173.0.i71.19eec9217t1U2V\">\u00dcberlassen Sie uns die Details, damit Sie sich auf das Wesentliche konzentrieren k\u00f6nnen.<\/p>\t\t\t\t\t\t\t\t<\/div>\n\t\t\t\t\t<\/div>\n\t\t\t\t<\/div>\n\t\t\t\t<section class=\"elementor-section elementor-top-section elementor-element elementor-element-6d9bcae3 elementor-section-stretched elementor-section-boxed elementor-section-gap-beside-yes elementor-section-height-default elementor-section-height-default elementor-section-column-vertical-align-stretch\" data-id=\"6d9bcae3\" data-element_type=\"section\" data-e-type=\"section\" data-settings=\"{&quot;background_background&quot;:&quot;classic&quot;,&quot;stretch_section&quot;:&quot;section-stretched&quot;}\">\n\t\t\t\t\t\t<div class=\"elementor-container elementor-column-gap-extended\">\n\t\t\t\t\t<div class=\"elementor-column elementor-col-100 elementor-top-column elementor-element elementor-element-3c7a09ae\" data-id=\"3c7a09ae\" data-element_type=\"column\" data-e-type=\"column\">\n\t\t\t<div class=\"elementor-widget-wrap elementor-element-populated\">\n\t\t\t\t\t\t<div class=\"elementor-element elementor-element-42d0e737 elementor-widget elementor-widget-nuss-heading\" data-id=\"42d0e737\" data-element_type=\"widget\" data-e-type=\"widget\" data-widget_type=\"nuss-heading.default\">\n\t\t\t\t<div class=\"elementor-widget-container\">\n\t\t\t\t\t\t\t<div class=\"nuss-modern-heading\">\r\n\t\t\t\t\t\t<div class=\"heading-secondary-wrap\">\r\n\t\t\t\t<h3 class=\"heading-secondary elementor-heading-title\">Verf\u00fcgbarkeit pr\u00fcfen <\/h3>\t\t\t<\/div>\r\n\t\t\r\n\t\t\t\r\n\t\t\t\r\n\t\t\t\t\t<\/div>\r\n\t\t\t\t\t<\/div>\n\t\t\t\t<\/div>\n\t\t\t\t<div class=\"elementor-element elementor-element-3cf7cf04 elementor-widget elementor-widget-text-editor\" data-id=\"3cf7cf04\" data-element_type=\"widget\" data-e-type=\"widget\" data-widget_type=\"text-editor.default\">\n\t\t\t\t\t\t\t\t\t<iframe border=\"0\" src=\"https:\/\/www.trip.com\/partners\/ad\/S5700095?Allianceid=4590391&#038;SID=263747114&#038;trip_sub1=\" style=\"width:1200px;height:180px\" frameborder=\"0\" scrolling=\"no\" id=\"S5700095\"><\/iframe>\t\t\t\t\t\t\t\t<\/div>\n\t\t\t\t\t<\/div>\n\t\t<\/div>\n\t\t\t\t\t<\/div>\n\t\t<\/section>\n\t\t\t\t<\/div>","protected":false},"excerpt":{"rendered":"<p>Exceptional Service, Thoughtfully Delivered: The Guest Experience at Vienna International Hotel (Shanghai Pudong Airport Free Trade Zone) At Vienna International Hotel (Shanghai Pudong Airport Free Trade Zone), located at No. 566 Shiwan 6th Road, Pudong New Area, Shanghai, China, we believe that true hospitality lies not just in where you stay\u2014but in how seamlessly your [&hellip;]<\/p>\n","protected":false},"author":1,"featured_media":0,"parent":0,"menu_order":0,"comment_status":"closed","ping_status":"closed","template":"","meta":{"footnotes":""},"class_list":["post-647","page","type-page","status-publish","hentry","post-no-thumbnail"],"_links":{"self":[{"href":"https:\/\/shanghaiviennainternationalhotel.com\/de\/wp-json\/wp\/v2\/pages\/647","targetHints":{"allow":["GET"]}}],"collection":[{"href":"https:\/\/shanghaiviennainternationalhotel.com\/de\/wp-json\/wp\/v2\/pages"}],"about":[{"href":"https:\/\/shanghaiviennainternationalhotel.com\/de\/wp-json\/wp\/v2\/types\/page"}],"author":[{"embeddable":true,"href":"https:\/\/shanghaiviennainternationalhotel.com\/de\/wp-json\/wp\/v2\/users\/1"}],"replies":[{"embeddable":true,"href":"https:\/\/shanghaiviennainternationalhotel.com\/de\/wp-json\/wp\/v2\/comments?post=647"}],"version-history":[{"count":0,"href":"https:\/\/shanghaiviennainternationalhotel.com\/de\/wp-json\/wp\/v2\/pages\/647\/revisions"}],"wp:attachment":[{"href":"https:\/\/shanghaiviennainternationalhotel.com\/de\/wp-json\/wp\/v2\/media?parent=647"}],"curies":[{"name":"wp","href":"https:\/\/api.w.org\/{rel}","templated":true}]}}